{"id":1314,"date":"2018-03-27T04:49:18","date_gmt":"2018-03-27T04:49:18","guid":{"rendered":"https:\/\/www.fpzv-ev.de\/?page_id=1314"},"modified":"2026-03-21T12:08:43","modified_gmt":"2026-03-21T12:08:43","slug":"hakon-v-bellihof","status":"publish","type":"page","link":"https:\/\/www.fpzv-ev.de\/index.php\/friesenpferdezucht\/zuchtbuch\/fpzv-hengste\/hakon-v-bellihof\/","title":{"rendered":"Hakon vom Bellihof"},"content":{"rendered":"\t\t<div data-elementor-type=\"wp-post\" data-elementor-id=\"1314\" class=\"elementor elementor-1314\">\n\t\t\t\t\t\t<section class=\"elementor-section elementor-inner-section elementor-element elementor-element-45b96155 elementor-section-boxed elementor-section-height-default elementor-section-height-default\" data-id=\"45b96155\" data-element_type=\"section\">\n\t\t\t\t\t\t<div class=\"elementor-container elementor-column-gap-default\">\n\t\t\t\t\t<div class=\"elementor-column elementor-col-50 elementor-inner-column elementor-element elementor-element-5b104f47\" data-id=\"5b104f47\" data-element_type=\"column\">\n\t\t\t<div class=\"elementor-widget-wrap elementor-element-populated\">\n\t\t\t\t\t\t<div class=\"elementor-element elementor-element-402eb8e4 elementor-widget elementor-widget-text-editor\" data-id=\"402eb8e4\" data-element_type=\"widget\" data-widget_type=\"text-editor.default\">\n\t\t\t\t<div class=\"elementor-widget-container\">\n\t\t\t\t\t\t\t<p><strong>Geboren: <\/strong>04. Mai 2002<\/p><p><strong>K\u00f6rung:<\/strong>\u00a02007 FPZV<br \/><strong>WN: <\/strong>7,6<\/p>\t\t\t\t\t\t<\/div>\n\t\t\t\t<\/div>\n\t\t\t\t\t<\/div>\n\t\t<\/div>\n\t\t\t\t<div class=\"elementor-column elementor-col-50 elementor-inner-column elementor-element elementor-element-71745c70\" data-id=\"71745c70\" data-element_type=\"column\">\n\t\t\t<div class=\"elementor-widget-wrap elementor-element-populated\">\n\t\t\t\t\t\t<div class=\"elementor-element elementor-element-46dd28df elementor-widget elementor-widget-text-editor\" data-id=\"46dd28df\" data-element_type=\"widget\" data-widget_type=\"text-editor.default\">\n\t\t\t\t<div class=\"elementor-widget-container\">\n\t\t\t\t\t\t\t<p><b>Stockma\u00df:<\/b> 164 cm<\/p><p><strong>HLP:<\/strong>\u00a02006 Dillenburg<br \/><strong>WN:<\/strong> 8,5<\/p>\t\t\t\t\t\t<\/div>\n\t\t\t\t<\/div>\n\t\t\t\t\t<\/div>\n\t\t<\/div>\n\t\t\t\t\t<\/div>\n\t\t<\/section>\n\t\t\t\t<section class=\"elementor-section elementor-top-section elementor-element elementor-element-4802c609 elementor-section-boxed elementor-section-height-default elementor-section-height-default\" data-id=\"4802c609\" data-element_type=\"section\">\n\t\t\t\t\t\t<div class=\"elementor-container elementor-column-gap-default\">\n\t\t\t\t\t<div class=\"elementor-column elementor-col-100 elementor-top-column elementor-element elementor-element-6a51496c\" data-id=\"6a51496c\" data-element_type=\"column\">\n\t\t\t<div class=\"elementor-widget-wrap elementor-element-populated\">\n\t\t\t\t\t\t<div class=\"elementor-element elementor-element-bd584b5 elementor-widget elementor-widget-heading\" data-id=\"bd584b5\" data-element_type=\"widget\" data-widget_type=\"heading.default\">\n\t\t\t\t<div class=\"elementor-widget-container\">\n\t\t\t<h3 class=\"elementor-heading-title elementor-size-default\">Pedigree<\/h3>\t\t<\/div>\n\t\t\t\t<\/div>\n\t\t\t\t<div class=\"elementor-element elementor-element-6943dfde elementor-widget elementor-widget-image\" data-id=\"6943dfde\" data-element_type=\"widget\" data-widget_type=\"image.default\">\n\t\t\t\t<div class=\"elementor-widget-container\">\n\t\t\t\t\t\t\t\t\t\t\t\t\t<img fetchpriority=\"high\" decoding=\"async\" width=\"1024\" height=\"694\" src=\"https:\/\/www.fpzv-ev.de\/wp-content\/uploads\/2018\/03\/PG-Hakon-1-1024x694.png\" class=\"attachment-large size-large wp-image-1573\" alt=\"\" srcset=\"https:\/\/www.fpzv-ev.de\/wp-content\/uploads\/2018\/03\/PG-Hakon-1-1024x694.png 1024w, https:\/\/www.fpzv-ev.de\/wp-content\/uploads\/2018\/03\/PG-Hakon-1-300x203.png 300w, https:\/\/www.fpzv-ev.de\/wp-content\/uploads\/2018\/03\/PG-Hakon-1-768x520.png 768w, https:\/\/www.fpzv-ev.de\/wp-content\/uploads\/2018\/03\/PG-Hakon-1.png 1086w\" sizes=\"(max-width: 1024px) 100vw, 1024px\" \/>\t\t\t\t\t\t\t\t\t\t\t\t\t<\/div>\n\t\t\t\t<\/div>\n\t\t\t\t\t<\/div>\n\t\t<\/div>\n\t\t\t\t\t<\/div>\n\t\t<\/section>\n\t\t\t\t<section class=\"elementor-section elementor-top-section elementor-element elementor-element-5d4d5753 elementor-section-boxed elementor-section-height-default elementor-section-height-default\" data-id=\"5d4d5753\" data-element_type=\"section\">\n\t\t\t\t\t\t<div class=\"elementor-container elementor-column-gap-default\">\n\t\t\t\t\t<div class=\"elementor-column elementor-col-100 elementor-top-column elementor-element elementor-element-2c6a4260\" data-id=\"2c6a4260\" data-element_type=\"column\">\n\t\t\t<div class=\"elementor-widget-wrap elementor-element-populated\">\n\t\t\t\t\t\t<div class=\"elementor-element elementor-element-2d1ceab5 elementor-widget elementor-widget-text-editor\" data-id=\"2d1ceab5\" data-element_type=\"widget\" data-widget_type=\"text-editor.default\">\n\t\t\t\t<div class=\"elementor-widget-container\">\n\t\t\t\t\t\t\t<p>Hakon stammt aus der seltenen Age-Linie. Er verf\u00fcgt \u00fcber eine enorme Knieaktion im Trab und einem kaum zu \u00fcberbietenden Schritt. Auch sein Charakter ist \u00e4u\u00dferst nobel, so dass er sogar von Kindern neben rossigen Stuten geritten werden kann.<\/p><p>Auf der K\u00f6rung 2009, 2010, 2011 und auch 2012 wurde Hakon aufgrund seines hohen Zuchtwertindexes, seiner \u00fcberdurchschnittlich guten Nachzucht sowie seiner sonstigen Leistungsergebnisse in der Leistungspr\u00fcfung und im Sport jeweils Vize-Bundeschampion der Althengste.<br \/>Hakon\u00b4s Vater ist der Spitzenvererber Reinder van\u00b4t Hop, der allein 5x Bundes-Champion der Althengste des FPZV und auf Turnieren im Reiten und Fahren bis zur Klasse M platziert wurde.<br \/>M\u00fctterlicherseits stammt er von der Modellstute Auke v.d. Melder ab, die sowohl das Pr\u00e4dikat Pr\u00e4mienstute als auch Elitestute erhalten hat.<\/p>\t\t\t\t\t\t<\/div>\n\t\t\t\t<\/div>\n\t\t\t\t\t<\/div>\n\t\t<\/div>\n\t\t\t\t\t<\/div>\n\t\t<\/section>\n\t\t\t\t<section class=\"elementor-section elementor-top-section elementor-element elementor-element-2003dd3 elementor-section-boxed elementor-section-height-default elementor-section-height-default\" data-id=\"2003dd3\" data-element_type=\"section\">\n\t\t\t\t\t\t<div class=\"elementor-container elementor-column-gap-default\">\n\t\t\t\t\t<div class=\"elementor-column elementor-col-100 elementor-top-column elementor-element elementor-element-51a65c9\" data-id=\"51a65c9\" data-element_type=\"column\">\n\t\t\t<div class=\"elementor-widget-wrap elementor-element-populated\">\n\t\t\t\t\t\t<div class=\"elementor-element elementor-element-82f136c elementor-widget elementor-widget-text-editor\" data-id=\"82f136c\" data-element_type=\"widget\" data-widget_type=\"text-editor.default\">\n\t\t\t\t<div class=\"elementor-widget-container\">\n\t\t\t\t\t\t\t<p><strong>Kontakt:<\/strong> <br \/>Deckstation, Friesengest\u00fct und Reitschule Oberurff\u00a0<br \/>Sylvia Sch\u00e4dlich<\/p><p><span style=\"font-family: var( --e-global-typography-text-font-family ), Sans-serif; font-weight: var( --e-global-typography-text-font-weight );\">Tel.: 05626-922 555<br \/><\/span><span style=\"font-family: var( --e-global-typography-text-font-family ), Sans-serif; font-weight: var( --e-global-typography-text-font-weight );\">Fax: 05626-922 556<\/span><\/p>\t\t\t\t\t\t<\/div>\n\t\t\t\t<\/div>\n\t\t\t\t\t<\/div>\n\t\t<\/div>\n\t\t\t\t\t<\/div>\n\t\t<\/section>\n\t\t\t\t<section class=\"elementor-section elementor-top-section elementor-element elementor-element-8adaf81 elementor-section-boxed elementor-section-height-default elementor-section-height-default\" data-id=\"8adaf81\" data-element_type=\"section\">\n\t\t\t\t\t\t<div class=\"elementor-container elementor-column-gap-default\">\n\t\t\t\t\t<div class=\"elementor-column elementor-col-100 elementor-top-column elementor-element elementor-element-1fd4c5b\" data-id=\"1fd4c5b\" data-element_type=\"column\">\n\t\t\t<div class=\"elementor-widget-wrap elementor-element-populated\">\n\t\t\t\t\t\t<div class=\"elementor-element elementor-element-35c381a elementor-widget elementor-widget-image-gallery\" data-id=\"35c381a\" data-element_type=\"widget\" data-widget_type=\"image-gallery.default\">\n\t\t\t\t<div class=\"elementor-widget-container\">\n\t\t\t\t\t<div class=\"elementor-image-gallery\">\n\t\t\t<div id='gallery-1' class='gallery galleryid-1314 gallery-columns-3 gallery-size-medium_large'><figure class='gallery-item'>\n\t\t\t<div class='gallery-icon landscape'>\n\t\t\t\t<a data-elementor-open-lightbox=\"yes\" data-elementor-lightbox-slideshow=\"35c381a\" data-elementor-lightbox-title=\"Hakon vom Bellihof_Zuchtschau Oberurff 2023_fotowelten David Dorn_I\" data-e-action-hash=\"#elementor-action%3Aaction%3Dlightbox%26settings%3DeyJpZCI6NTQ1MywidXJsIjoiaHR0cHM6XC9cL3d3dy5mcHp2LWV2LmRlXC93cC1jb250ZW50XC91cGxvYWRzXC8yMDIzXC8wOVwvSGFrb24tdm9tLUJlbGxpaG9mX1p1Y2h0c2NoYXUtT2JlcnVyZmYtMjAyM19mb3Rvd2VsdGVuLURhdmlkLURvcm5fSS1zY2FsZWQuanBnIiwic2xpZGVzaG93IjoiMzVjMzgxYSJ9\" href='https:\/\/www.fpzv-ev.de\/wp-content\/uploads\/2023\/09\/Hakon-vom-Bellihof_Zuchtschau-Oberurff-2023_fotowelten-David-Dorn_I-scaled.jpg'><img width=\"768\" height=\"538\" src=\"https:\/\/www.fpzv-ev.de\/wp-content\/uploads\/2023\/09\/Hakon-vom-Bellihof_Zuchtschau-Oberurff-2023_fotowelten-David-Dorn_I-768x538.jpg\" class=\"attachment-medium_large size-medium_large\" alt=\"\" decoding=\"async\" srcset=\"https:\/\/www.fpzv-ev.de\/wp-content\/uploads\/2023\/09\/Hakon-vom-Bellihof_Zuchtschau-Oberurff-2023_fotowelten-David-Dorn_I-768x538.jpg 768w, https:\/\/www.fpzv-ev.de\/wp-content\/uploads\/2023\/09\/Hakon-vom-Bellihof_Zuchtschau-Oberurff-2023_fotowelten-David-Dorn_I-300x210.jpg 300w, https:\/\/www.fpzv-ev.de\/wp-content\/uploads\/2023\/09\/Hakon-vom-Bellihof_Zuchtschau-Oberurff-2023_fotowelten-David-Dorn_I-1024x718.jpg 1024w, https:\/\/www.fpzv-ev.de\/wp-content\/uploads\/2023\/09\/Hakon-vom-Bellihof_Zuchtschau-Oberurff-2023_fotowelten-David-Dorn_I-1536x1077.jpg 1536w, https:\/\/www.fpzv-ev.de\/wp-content\/uploads\/2023\/09\/Hakon-vom-Bellihof_Zuchtschau-Oberurff-2023_fotowelten-David-Dorn_I-2048x1436.jpg 2048w\" sizes=\"(max-width: 768px) 100vw, 768px\" \/><\/a>\n\t\t\t<\/div><\/figure><figure class='gallery-item'>\n\t\t\t<div class='gallery-icon landscape'>\n\t\t\t\t<a data-elementor-open-lightbox=\"yes\" data-elementor-lightbox-slideshow=\"35c381a\" data-elementor-lightbox-title=\"Hakon vom Bellihof_Zuchtschau Oberurff 2023_fotowelten David Dorn_II\" data-e-action-hash=\"#elementor-action%3Aaction%3Dlightbox%26settings%3DeyJpZCI6NTQ1NCwidXJsIjoiaHR0cHM6XC9cL3d3dy5mcHp2LWV2LmRlXC93cC1jb250ZW50XC91cGxvYWRzXC8yMDIzXC8wOVwvSGFrb24tdm9tLUJlbGxpaG9mX1p1Y2h0c2NoYXUtT2JlcnVyZmYtMjAyM19mb3Rvd2VsdGVuLURhdmlkLURvcm5fSUktc2NhbGVkLmpwZyIsInNsaWRlc2hvdyI6IjM1YzM4MWEifQ%3D%3D\" href='https:\/\/www.fpzv-ev.de\/wp-content\/uploads\/2023\/09\/Hakon-vom-Bellihof_Zuchtschau-Oberurff-2023_fotowelten-David-Dorn_II-scaled.jpg'><img width=\"768\" height=\"512\" src=\"https:\/\/www.fpzv-ev.de\/wp-content\/uploads\/2023\/09\/Hakon-vom-Bellihof_Zuchtschau-Oberurff-2023_fotowelten-David-Dorn_II-768x512.jpg\" class=\"attachment-medium_large size-medium_large\" alt=\"\" decoding=\"async\" srcset=\"https:\/\/www.fpzv-ev.de\/wp-content\/uploads\/2023\/09\/Hakon-vom-Bellihof_Zuchtschau-Oberurff-2023_fotowelten-David-Dorn_II-768x512.jpg 768w, https:\/\/www.fpzv-ev.de\/wp-content\/uploads\/2023\/09\/Hakon-vom-Bellihof_Zuchtschau-Oberurff-2023_fotowelten-David-Dorn_II-300x200.jpg 300w, https:\/\/www.fpzv-ev.de\/wp-content\/uploads\/2023\/09\/Hakon-vom-Bellihof_Zuchtschau-Oberurff-2023_fotowelten-David-Dorn_II-1024x683.jpg 1024w, https:\/\/www.fpzv-ev.de\/wp-content\/uploads\/2023\/09\/Hakon-vom-Bellihof_Zuchtschau-Oberurff-2023_fotowelten-David-Dorn_II-1536x1024.jpg 1536w, https:\/\/www.fpzv-ev.de\/wp-content\/uploads\/2023\/09\/Hakon-vom-Bellihof_Zuchtschau-Oberurff-2023_fotowelten-David-Dorn_II-2048x1365.jpg 2048w\" sizes=\"(max-width: 768px) 100vw, 768px\" \/><\/a>\n\t\t\t<\/div><\/figure><figure class='gallery-item'>\n\t\t\t<div class='gallery-icon landscape'>\n\t\t\t\t<a data-elementor-open-lightbox=\"yes\" data-elementor-lightbox-slideshow=\"35c381a\" data-elementor-lightbox-title=\"Hakon vom Bellihof_Zuchtschau Oberurff 2023_fotowelten David Dorn_III\" data-e-action-hash=\"#elementor-action%3Aaction%3Dlightbox%26settings%3DeyJpZCI6NTQ1NSwidXJsIjoiaHR0cHM6XC9cL3d3dy5mcHp2LWV2LmRlXC93cC1jb250ZW50XC91cGxvYWRzXC8yMDIzXC8wOVwvSGFrb24tdm9tLUJlbGxpaG9mX1p1Y2h0c2NoYXUtT2JlcnVyZmYtMjAyM19mb3Rvd2VsdGVuLURhdmlkLURvcm5fSUlJLXNjYWxlZC5qcGciLCJzbGlkZXNob3ciOiIzNWMzODFhIn0%3D\" href='https:\/\/www.fpzv-ev.de\/wp-content\/uploads\/2023\/09\/Hakon-vom-Bellihof_Zuchtschau-Oberurff-2023_fotowelten-David-Dorn_III-scaled.jpg'><img loading=\"lazy\" width=\"768\" height=\"512\" src=\"https:\/\/www.fpzv-ev.de\/wp-content\/uploads\/2023\/09\/Hakon-vom-Bellihof_Zuchtschau-Oberurff-2023_fotowelten-David-Dorn_III-768x512.jpg\" class=\"attachment-medium_large size-medium_large\" alt=\"\" decoding=\"async\" srcset=\"https:\/\/www.fpzv-ev.de\/wp-content\/uploads\/2023\/09\/Hakon-vom-Bellihof_Zuchtschau-Oberurff-2023_fotowelten-David-Dorn_III-768x512.jpg 768w, https:\/\/www.fpzv-ev.de\/wp-content\/uploads\/2023\/09\/Hakon-vom-Bellihof_Zuchtschau-Oberurff-2023_fotowelten-David-Dorn_III-300x200.jpg 300w, https:\/\/www.fpzv-ev.de\/wp-content\/uploads\/2023\/09\/Hakon-vom-Bellihof_Zuchtschau-Oberurff-2023_fotowelten-David-Dorn_III-1024x683.jpg 1024w, https:\/\/www.fpzv-ev.de\/wp-content\/uploads\/2023\/09\/Hakon-vom-Bellihof_Zuchtschau-Oberurff-2023_fotowelten-David-Dorn_III-1536x1024.jpg 1536w, https:\/\/www.fpzv-ev.de\/wp-content\/uploads\/2023\/09\/Hakon-vom-Bellihof_Zuchtschau-Oberurff-2023_fotowelten-David-Dorn_III-2048x1365.jpg 2048w\" sizes=\"(max-width: 768px) 100vw, 768px\" \/><\/a>\n\t\t\t<\/div><\/figure><figure class='gallery-item'>\n\t\t\t<div class='gallery-icon landscape'>\n\t\t\t\t<a data-elementor-open-lightbox=\"yes\" data-elementor-lightbox-slideshow=\"35c381a\" data-elementor-lightbox-title=\"Hakon vom Bellihof Schneeshooting mit Gabriele Boiselle, Foto: Archiv Boiselle\" data-e-action-hash=\"#elementor-action%3Aaction%3Dlightbox%26settings%3DeyJpZCI6MzgxNywidXJsIjoiaHR0cHM6XC9cL3d3dy5mcHp2LWV2LmRlXC93cC1jb250ZW50XC91cGxvYWRzXC8yMDIxXC8xMVwvSGFrb24tdm9tLUJlbGxpaG9mLVNjaG5lZXNob290aW5nLW1pdC1HYWJyaWVsZS1Cb2lzZWxsZS5qcGciLCJzbGlkZXNob3ciOiIzNWMzODFhIn0%3D\" href='https:\/\/www.fpzv-ev.de\/wp-content\/uploads\/2021\/11\/Hakon-vom-Bellihof-Schneeshooting-mit-Gabriele-Boiselle.jpg'><img loading=\"lazy\" width=\"768\" height=\"521\" src=\"https:\/\/www.fpzv-ev.de\/wp-content\/uploads\/2021\/11\/Hakon-vom-Bellihof-Schneeshooting-mit-Gabriele-Boiselle-768x521.jpg\" class=\"attachment-medium_large size-medium_large\" alt=\"Hakon vom Bellihof, Foto: Archiv Boiselle\" decoding=\"async\" srcset=\"https:\/\/www.fpzv-ev.de\/wp-content\/uploads\/2021\/11\/Hakon-vom-Bellihof-Schneeshooting-mit-Gabriele-Boiselle-768x521.jpg 768w, https:\/\/www.fpzv-ev.de\/wp-content\/uploads\/2021\/11\/Hakon-vom-Bellihof-Schneeshooting-mit-Gabriele-Boiselle-300x204.jpg 300w, https:\/\/www.fpzv-ev.de\/wp-content\/uploads\/2021\/11\/Hakon-vom-Bellihof-Schneeshooting-mit-Gabriele-Boiselle-1024x695.jpg 1024w, https:\/\/www.fpzv-ev.de\/wp-content\/uploads\/2021\/11\/Hakon-vom-Bellihof-Schneeshooting-mit-Gabriele-Boiselle.jpg 1200w\" sizes=\"(max-width: 768px) 100vw, 768px\" \/><\/a>\n\t\t\t<\/div><\/figure><figure class='gallery-item'>\n\t\t\t<div class='gallery-icon landscape'>\n\t\t\t\t<a data-elementor-open-lightbox=\"yes\" data-elementor-lightbox-slideshow=\"35c381a\" data-elementor-lightbox-title=\"Hakon2\" data-e-action-hash=\"#elementor-action%3Aaction%3Dlightbox%26settings%3DeyJpZCI6MTE5MywidXJsIjoiaHR0cHM6XC9cL3d3dy5mcHp2LWV2LmRlXC93cC1jb250ZW50XC91cGxvYWRzXC8yMDE4XC8wM1wvSGFrb24yLmpwZyIsInNsaWRlc2hvdyI6IjM1YzM4MWEifQ%3D%3D\" href='https:\/\/www.fpzv-ev.de\/wp-content\/uploads\/2018\/03\/Hakon2.jpg'><img loading=\"lazy\" width=\"170\" height=\"161\" src=\"https:\/\/www.fpzv-ev.de\/wp-content\/uploads\/2018\/03\/Hakon2.jpg\" class=\"attachment-medium_large size-medium_large\" alt=\"\" decoding=\"async\" \/><\/a>\n\t\t\t<\/div><\/figure><figure class='gallery-item'>\n\t\t\t<div class='gallery-icon landscape'>\n\t\t\t\t<a data-elementor-open-lightbox=\"yes\" data-elementor-lightbox-slideshow=\"35c381a\" data-elementor-lightbox-title=\"Hakon vom Bellihof\" data-e-action-hash=\"#elementor-action%3Aaction%3Dlightbox%26settings%3DeyJpZCI6Mzc4NywidXJsIjoiaHR0cHM6XC9cL3d3dy5mcHp2LWV2LmRlXC93cC1jb250ZW50XC91cGxvYWRzXC8yMDIxXC8xMVwvSGFrb24tdm9tLUJlbGxpaG9mLmpwZyIsInNsaWRlc2hvdyI6IjM1YzM4MWEifQ%3D%3D\" href='https:\/\/www.fpzv-ev.de\/wp-content\/uploads\/2021\/11\/Hakon-vom-Bellihof.jpg'><img loading=\"lazy\" width=\"768\" height=\"512\" src=\"https:\/\/www.fpzv-ev.de\/wp-content\/uploads\/2021\/11\/Hakon-vom-Bellihof-768x512.jpg\" class=\"attachment-medium_large size-medium_large\" alt=\"\" decoding=\"async\" srcset=\"https:\/\/www.fpzv-ev.de\/wp-content\/uploads\/2021\/11\/Hakon-vom-Bellihof-768x512.jpg 768w, https:\/\/www.fpzv-ev.de\/wp-content\/uploads\/2021\/11\/Hakon-vom-Bellihof-300x200.jpg 300w, https:\/\/www.fpzv-ev.de\/wp-content\/uploads\/2021\/11\/Hakon-vom-Bellihof-1024x683.jpg 1024w, https:\/\/www.fpzv-ev.de\/wp-content\/uploads\/2021\/11\/Hakon-vom-Bellihof.jpg 1440w\" sizes=\"(max-width: 768px) 100vw, 768px\" \/><\/a>\n\t\t\t<\/div><\/figure><figure class='gallery-item'>\n\t\t\t<div class='gallery-icon landscape'>\n\t\t\t\t<a data-elementor-open-lightbox=\"yes\" data-elementor-lightbox-slideshow=\"35c381a\" data-elementor-lightbox-title=\"Hakon vom Bellihof_KHFotografie\" data-e-action-hash=\"#elementor-action%3Aaction%3Dlightbox%26settings%3DeyJpZCI6NTQ1MiwidXJsIjoiaHR0cHM6XC9cL3d3dy5mcHp2LWV2LmRlXC93cC1jb250ZW50XC91cGxvYWRzXC8yMDIzXC8wOVwvSGFrb24tdm9tLUJlbGxpaG9mX0tIRm90b2dyYWZpZS5qcGciLCJzbGlkZXNob3ciOiIzNWMzODFhIn0%3D\" href='https:\/\/www.fpzv-ev.de\/wp-content\/uploads\/2023\/09\/Hakon-vom-Bellihof_KHFotografie.jpg'><img loading=\"lazy\" width=\"768\" height=\"495\" src=\"https:\/\/www.fpzv-ev.de\/wp-content\/uploads\/2023\/09\/Hakon-vom-Bellihof_KHFotografie-768x495.jpg\" class=\"attachment-medium_large size-medium_large\" alt=\"Hakon vom Bellihof_KHFotografie\" decoding=\"async\" srcset=\"https:\/\/www.fpzv-ev.de\/wp-content\/uploads\/2023\/09\/Hakon-vom-Bellihof_KHFotografie-768x495.jpg 768w, https:\/\/www.fpzv-ev.de\/wp-content\/uploads\/2023\/09\/Hakon-vom-Bellihof_KHFotografie-300x194.jpg 300w, https:\/\/www.fpzv-ev.de\/wp-content\/uploads\/2023\/09\/Hakon-vom-Bellihof_KHFotografie-1024x660.jpg 1024w, https:\/\/www.fpzv-ev.de\/wp-content\/uploads\/2023\/09\/Hakon-vom-Bellihof_KHFotografie-1536x991.jpg 1536w, https:\/\/www.fpzv-ev.de\/wp-content\/uploads\/2023\/09\/Hakon-vom-Bellihof_KHFotografie.jpg 1600w\" sizes=\"(max-width: 768px) 100vw, 768px\" \/><\/a>\n\t\t\t<\/div><\/figure><figure class='gallery-item'>\n\t\t\t<div class='gallery-icon landscape'>\n\t\t\t\t<a data-elementor-open-lightbox=\"yes\" data-elementor-lightbox-slideshow=\"35c381a\" data-elementor-lightbox-title=\"Hakon2\" data-e-action-hash=\"#elementor-action%3Aaction%3Dlightbox%26settings%3DeyJpZCI6MTUxMSwidXJsIjoiaHR0cHM6XC9cL3d3dy5mcHp2LWV2LmRlXC93cC1jb250ZW50XC91cGxvYWRzXC8yMDE4XC8wM1wvSGFrb24yLTEuanBnIiwic2xpZGVzaG93IjoiMzVjMzgxYSJ9\" href='https:\/\/www.fpzv-ev.de\/wp-content\/uploads\/2018\/03\/Hakon2-1.jpg'><img loading=\"lazy\" width=\"533\" height=\"479\" src=\"https:\/\/www.fpzv-ev.de\/wp-content\/uploads\/2018\/03\/Hakon2-1.jpg\" class=\"attachment-medium_large size-medium_large\" alt=\"\" decoding=\"async\" srcset=\"https:\/\/www.fpzv-ev.de\/wp-content\/uploads\/2018\/03\/Hakon2-1.jpg 533w, https:\/\/www.fpzv-ev.de\/wp-content\/uploads\/2018\/03\/Hakon2-1-300x270.jpg 300w\" sizes=\"(max-width: 533px) 100vw, 533px\" \/><\/a>\n\t\t\t<\/div><\/figure><figure class='gallery-item'>\n\t\t\t<div class='gallery-icon landscape'>\n\t\t\t\t<a data-elementor-open-lightbox=\"yes\" data-elementor-lightbox-slideshow=\"35c381a\" data-elementor-lightbox-title=\"Hakon3\" data-e-action-hash=\"#elementor-action%3Aaction%3Dlightbox%26settings%3DeyJpZCI6MTUxMiwidXJsIjoiaHR0cHM6XC9cL3d3dy5mcHp2LWV2LmRlXC93cC1jb250ZW50XC91cGxvYWRzXC8yMDE4XC8wM1wvSGFrb24zLmpwZyIsInNsaWRlc2hvdyI6IjM1YzM4MWEifQ%3D%3D\" href='https:\/\/www.fpzv-ev.de\/wp-content\/uploads\/2018\/03\/Hakon3.jpg'><img loading=\"lazy\" width=\"545\" height=\"480\" src=\"https:\/\/www.fpzv-ev.de\/wp-content\/uploads\/2018\/03\/Hakon3.jpg\" class=\"attachment-medium_large size-medium_large\" alt=\"\" decoding=\"async\" srcset=\"https:\/\/www.fpzv-ev.de\/wp-content\/uploads\/2018\/03\/Hakon3.jpg 545w, https:\/\/www.fpzv-ev.de\/wp-content\/uploads\/2018\/03\/Hakon3-300x264.jpg 300w\" sizes=\"(max-width: 545px) 100vw, 545px\" \/><\/a>\n\t\t\t<\/div><\/figure><figure class='gallery-item'>\n\t\t\t<div class='gallery-icon portrait'>\n\t\t\t\t<a data-elementor-open-lightbox=\"yes\" data-elementor-lightbox-slideshow=\"35c381a\" data-elementor-lightbox-title=\"Hakon1\" data-e-action-hash=\"#elementor-action%3Aaction%3Dlightbox%26settings%3DeyJpZCI6MTUxMCwidXJsIjoiaHR0cHM6XC9cL3d3dy5mcHp2LWV2LmRlXC93cC1jb250ZW50XC91cGxvYWRzXC8yMDE4XC8wM1wvSGFrb24xLmpwZyIsInNsaWRlc2hvdyI6IjM1YzM4MWEifQ%3D%3D\" href='https:\/\/www.fpzv-ev.de\/wp-content\/uploads\/2018\/03\/Hakon1.jpg'><img loading=\"lazy\" width=\"387\" height=\"479\" src=\"https:\/\/www.fpzv-ev.de\/wp-content\/uploads\/2018\/03\/Hakon1.jpg\" class=\"attachment-medium_large size-medium_large\" alt=\"\" decoding=\"async\" srcset=\"https:\/\/www.fpzv-ev.de\/wp-content\/uploads\/2018\/03\/Hakon1.jpg 387w, https:\/\/www.fpzv-ev.de\/wp-content\/uploads\/2018\/03\/Hakon1-242x300.jpg 242w\" sizes=\"(max-width: 387px) 100vw, 387px\" \/><\/a>\n\t\t\t<\/div><\/figure>\n\t\t<\/div>\n\t\t<\/div>\n\t\t\t\t<\/div>\n\t\t\t\t<\/div>\n\t\t\t\t\t<\/div>\n\t\t<\/div>\n\t\t\t\t\t<\/div>\n\t\t<\/section>\n\t\t\t\t<\/div>\n\t\t","protected":false},"excerpt":{"rendered":"<p>Geboren: 04. Mai 2002 K\u00f6rung:\u00a02007 FPZVWN: 7,6 Stockma\u00df: 164 cm HLP:\u00a02006 DillenburgWN: 8,5 Pedigree Hakon stammt aus der seltenen Age-Linie. Er verf\u00fcgt \u00fcber eine enorme Knieaktion im Trab und einem kaum zu \u00fcberbietenden Schritt. Auch sein Charakter ist \u00e4u\u00dferst nobel, so dass er sogar von Kindern neben rossigen Stuten geritten werden kann. Auf der K\u00f6rung &#8230; <a title=\"Hakon vom Bellihof\" class=\"read-more\" href=\"https:\/\/www.fpzv-ev.de\/index.php\/friesenpferdezucht\/zuchtbuch\/fpzv-hengste\/hakon-v-bellihof\/\" aria-label=\"Mehr bei Hakon vom Bellihof\">Weiterlesen &#8230;<\/a><\/p>\n","protected":false},"author":2,"featured_media":0,"parent":413,"menu_order":0,"comment_status":"closed","ping_status":"closed","template":"","meta":{"generate_page_header":""},"_links":{"self":[{"href":"https:\/\/www.fpzv-ev.de\/index.php\/wp-json\/wp\/v2\/pages\/1314"}],"collection":[{"href":"https:\/\/www.fpzv-ev.de\/index.php\/wp-json\/wp\/v2\/pages"}],"about":[{"href":"https:\/\/www.fpzv-ev.de\/index.php\/wp-json\/wp\/v2\/types\/page"}],"author":[{"embeddable":true,"href":"https:\/\/www.fpzv-ev.de\/index.php\/wp-json\/wp\/v2\/users\/2"}],"replies":[{"embeddable":true,"href":"https:\/\/www.fpzv-ev.de\/index.php\/wp-json\/wp\/v2\/comments?post=1314"}],"version-history":[{"count":16,"href":"https:\/\/www.fpzv-ev.de\/index.php\/wp-json\/wp\/v2\/pages\/1314\/revisions"}],"predecessor-version":[{"id":6568,"href":"https:\/\/www.fpzv-ev.de\/index.php\/wp-json\/wp\/v2\/pages\/1314\/revisions\/6568"}],"up":[{"embeddable":true,"href":"https:\/\/www.fpzv-ev.de\/index.php\/wp-json\/wp\/v2\/pages\/413"}],"wp:attachment":[{"href":"https:\/\/www.fpzv-ev.de\/index.php\/wp-json\/wp\/v2\/media?parent=1314"}],"curies":[{"name":"wp","href":"https:\/\/api.w.org\/{rel}","templated":true}]}}