{"id":138,"date":"2018-03-19T09:54:54","date_gmt":"2018-03-19T09:54:54","guid":{"rendered":"https:\/\/www.fpzv-ev.de\/?page_id=138"},"modified":"2026-03-21T12:12:12","modified_gmt":"2026-03-21T12:12:12","slug":"impressum","status":"publish","type":"page","link":"https:\/\/www.fpzv-ev.de\/index.php\/service\/impressum\/","title":{"rendered":"Impressum"},"content":{"rendered":"\t\t<div data-elementor-type=\"wp-post\" data-elementor-id=\"138\" class=\"elementor elementor-138\">\n\t\t\t\t\t\t<section class=\"elementor-section elementor-top-section elementor-element elementor-element-65c31ab elementor-section-boxed elementor-section-height-default elementor-section-height-default\" data-id=\"65c31ab\" data-element_type=\"section\">\n\t\t\t\t\t\t<div class=\"elementor-container elementor-column-gap-default\">\n\t\t\t\t\t<div class=\"elementor-column elementor-col-100 elementor-top-column elementor-element elementor-element-f969df1\" data-id=\"f969df1\" data-element_type=\"column\">\n\t\t\t<div class=\"elementor-widget-wrap elementor-element-populated\">\n\t\t\t\t\t\t<div class=\"elementor-element elementor-element-02447cb elementor-widget elementor-widget-text-editor\" data-id=\"02447cb\" data-element_type=\"widget\" data-widget_type=\"text-editor.default\">\n\t\t\t\t<div class=\"elementor-widget-container\">\n\t\t\t\t\t\t\t<h2>Angaben gem\u00e4\u00df \u00a7 5 DDG:<\/h2><p>Friesenpferde-Zuchtverband e. V.<br \/>Dr.-Schmitz-Stra\u00dfe 5<\/p><p>53844 Troisdorf<\/p><h2>Vertreten durch:<\/h2><p>Pr\u00e4sident\/ 1. Vorsitzender: Klaus V\u00f6ssing<br \/>Vize-Pr\u00e4sident\/ 2. Vorsitzender: Heribert Gr\u00f6ning<br \/>Schatzmeister: David Dorn<br \/>Vorstand f\u00fcr \u00d6ffentlichkeitsarbeit: Gabriela Grau<br \/>Schriftf\u00fchrerin: Nadine Dornwendt<br \/>Mitglied des Vorstands: Sylvia Sch\u00e4dlich<br \/>Mitglied des Vorstands: Kirsten Koch<\/p><h2>Kontakt:<\/h2><p>Telefon: +49 (0) 5626 922 020 5<br \/>E-Mail: info@fpzv-ev.de<\/p><h2>Registereintrag:<\/h2><p>Eintragung im Vereinsregister.<br \/>Registergericht: Amtsgericht Freiburg<br \/>Registernummer: VR 703583<\/p><h2>Umsatzsteuer:<\/h2><p>Umsatzsteuer-Identifikationsnummer gem\u00e4\u00df \u00a727 a Umsatzsteuergesetz:<br \/>DE 225612694<\/p><h2>Aufsichtsbeh\u00f6rde:<\/h2><p>Regierungspr\u00e4sidium T\u00fcbingen<br \/>Abt. 3 \u2013 Landwirtschaft, L\u00e4ndlicher Raum, Veterin\u00e4r- und Lebensmittelwesen<br \/>Konrad-Adenauer-Stra\u00dfe 20<br \/>72072 T\u00fcbingen<\/p><p><strong>Tel.<\/strong> 07071 757-0<br \/><strong>Fax<\/strong> 07071 757-3190<br \/><strong>E-Mail:<\/strong> poststelle@rpt.bwl.de<br \/><strong>Web: <a href=\"https:\/\/rp.baden-wuerttemberg.de\/rpt\/abteilungen\/abteilung-3\/\">https:\/\/rp.baden-wuerttemberg.de\/rpt\/abteilungen\/abteilung-3\/<\/a><\/strong><\/p><h2>Verantwortlich<br \/>f\u00fcr den Inhalt nach \u00a7 55 Abs. 2 RStV:<\/h2><p>Friesenpferde-Zuchtverband e. V.<br \/>Dr.-Schmitz-Stra\u00dfe 5<br \/>53844 Troisdorf<\/p><h2>Streitschlichtung<\/h2><p>Wir sind nicht bereit oder verpflichtet, an\u00a0 treitbeilegungsverfahren vor einer Verbraucherschlichtungsstelle teilzunehmen.<\/p><h3>Haftung f\u00fcr Inhalte<\/h3><p>Als Diensteanbieter sind wir gem\u00e4\u00df \u00a7 7 Abs.1 TMG f\u00fcr eigene Inhalte auf diesen Seiten nach den allgemeinen Gesetzen verantwortlich. Nach \u00a7\u00a7 8 bis 10 TMG sind wir als Diensteanbieter jedoch nicht verpflichtet, \u00fcbermittelte oder gespeicherte fremde Informationen zu \u00fcberwachen oder nach Umst\u00e4nden zu forschen, die auf eine rechtswidrige T\u00e4tigkeit hinweisen.<\/p><p>Verpflichtungen zur Entfernung oder Sperrung der Nutzung von Informationen nach den allgemeinen Gesetzen bleiben hiervon unber\u00fchrt. Eine diesbez\u00fcgliche Haftung ist jedoch erst ab dem Zeitpunkt der Kenntnis einer konkreten Rechtsverletzung m\u00f6glich. Bei Bekanntwerden von entsprechenden Rechtsverletzungen werden wir diese Inhalte umgehend entfernen.<\/p><h3>Haftung f\u00fcr Links<\/h3><p>Unser Angebot enth\u00e4lt Links zu externen Websites Dritter, auf deren Inhalte wir keinen Einfluss haben. Deshalb k\u00f6nnen wir f\u00fcr diese fremden Inhalte auch keine Gew\u00e4hr \u00fcbernehmen. F\u00fcr die Inhalte der verlinkten Seiten ist stets der jeweilige Anbieter oder Betreiber der Seiten verantwortlich. Die verlinkten Seiten wurden zum Zeitpunkt der Verlinkung auf m\u00f6gliche Rechtsverst\u00f6\u00dfe \u00fcberpr\u00fcft. Rechtswidrige Inhalte waren zum Zeitpunkt der Verlinkung nicht erkennbar.<\/p><p>Eine permanente inhaltliche Kontrolle der verlinkten Seiten ist jedoch ohne konkrete Anhaltspunkte einer Rechtsverletzung nicht zumutbar. Bei Bekanntwerden von Rechtsverletzungen werden wir derartige Links umgehend entfernen.<\/p><h3>Urheberrecht<\/h3><p>Die durch die Seitenbetreiber erstellten Inhalte und Werke auf diesen Seiten unterliegen dem deutschen Urheberrecht. Die Vervielf\u00e4ltigung, Bearbeitung, Verbreitung und jede Art der Verwertung au\u00dferhalb der Grenzen des Urheberrechtes bed\u00fcrfen der schriftlichen Zustimmung des jeweiligen Autors bzw. Erstellers. Downloads und Kopien dieser Seite sind nur f\u00fcr den privaten, nicht kommerziellen Gebrauch gestattet.<\/p><p>Soweit die Inhalte auf dieser Seite nicht vom Betreiber erstellt wurden, werden die Urheberrechte Dritter beachtet. Insbesondere werden Inhalte Dritter als solche gekennzeichnet. Sollten Sie trotzdem auf eine Urheberrechtsverletzung aufmerksam werden, bitten wir um einen entsprechenden Hinweis. Bei Bekanntwerden von Rechtsverletzungen werden wir derartige Inhalte umgehend entfernen.<\/p>\t\t\t\t\t\t<\/div>\n\t\t\t\t<\/div>\n\t\t\t\t\t<\/div>\n\t\t<\/div>\n\t\t\t\t\t<\/div>\n\t\t<\/section>\n\t\t\t\t<\/div>\n\t\t","protected":false},"excerpt":{"rendered":"<p>Angaben gem\u00e4\u00df \u00a7 5 DDG: Friesenpferde-Zuchtverband e. V.Dr.-Schmitz-Stra\u00dfe 5 53844 Troisdorf Vertreten durch: Pr\u00e4sident\/ 1. Vorsitzender: Klaus V\u00f6ssingVize-Pr\u00e4sident\/ 2. Vorsitzender: Heribert Gr\u00f6ningSchatzmeister: David DornVorstand f\u00fcr \u00d6ffentlichkeitsarbeit: Gabriela GrauSchriftf\u00fchrerin: Nadine DornwendtMitglied des Vorstands: Sylvia Sch\u00e4dlichMitglied des Vorstands: Kirsten Koch Kontakt: Telefon: +49 (0) 5626 922 020 5E-Mail: info@fpzv-ev.de Registereintrag: Eintragung im Vereinsregister.Registergericht: Amtsgericht FreiburgRegisternummer: VR 703583 &#8230; <a title=\"Impressum\" class=\"read-more\" href=\"https:\/\/www.fpzv-ev.de\/index.php\/service\/impressum\/\" aria-label=\"Mehr bei Impressum\">Weiterlesen &#8230;<\/a><\/p>\n","protected":false},"author":2,"featured_media":0,"parent":58,"menu_order":0,"comment_status":"closed","ping_status":"closed","template":"","meta":{"generate_page_header":""},"_links":{"self":[{"href":"https:\/\/www.fpzv-ev.de\/index.php\/wp-json\/wp\/v2\/pages\/138"}],"collection":[{"href":"https:\/\/www.fpzv-ev.de\/index.php\/wp-json\/wp\/v2\/pages"}],"about":[{"href":"https:\/\/www.fpzv-ev.de\/index.php\/wp-json\/wp\/v2\/types\/page"}],"author":[{"embeddable":true,"href":"https:\/\/www.fpzv-ev.de\/index.php\/wp-json\/wp\/v2\/users\/2"}],"replies":[{"embeddable":true,"href":"https:\/\/www.fpzv-ev.de\/index.php\/wp-json\/wp\/v2\/comments?post=138"}],"version-history":[{"count":101,"href":"https:\/\/www.fpzv-ev.de\/index.php\/wp-json\/wp\/v2\/pages\/138\/revisions"}],"predecessor-version":[{"id":6575,"href":"https:\/\/www.fpzv-ev.de\/index.php\/wp-json\/wp\/v2\/pages\/138\/revisions\/6575"}],"up":[{"embeddable":true,"href":"https:\/\/www.fpzv-ev.de\/index.php\/wp-json\/wp\/v2\/pages\/58"}],"wp:attachment":[{"href":"https:\/\/www.fpzv-ev.de\/index.php\/wp-json\/wp\/v2\/media?parent=138"}],"curies":[{"name":"wp","href":"https:\/\/api.w.org\/{rel}","templated":true}]}}