{"id":172,"date":"2018-03-19T12:55:49","date_gmt":"2018-03-19T12:55:49","guid":{"rendered":"https:\/\/www.fpzv-ev.de\/?page_id=172"},"modified":"2025-06-18T16:27:37","modified_gmt":"2025-06-18T16:27:37","slug":"kontakt","status":"publish","type":"page","link":"https:\/\/www.fpzv-ev.de\/index.php\/kontakt\/","title":{"rendered":"Kontakt"},"content":{"rendered":"<p>Unsere Gesch\u00e4ftsstelle erreichen Sie \u00fcber verschiedene Kan\u00e4le:<\/p>\n<p><strong>Postalisch:<br \/>\n<\/strong>Friesenpferde-Zuchtverband e. V.<br \/>\nDr.-Schmitz-Stra\u00dfe 5<br \/>\n53844 Troisdorf<\/p>\n<p><strong>Telefonisch:<br \/>\n<\/strong>+49 (0) 7755 \/ 220 999 0<\/p>\n<p><strong>E-Mail:<br \/>\n<\/strong>info@fpzv-ev.de<\/p>\n","protected":false},"excerpt":{"rendered":"<p>Unsere Gesch\u00e4ftsstelle erreichen Sie \u00fcber verschiedene Kan\u00e4le: Postalisch: Friesenpferde-Zuchtverband e. V. Dr.-Schmitz-Stra\u00dfe 5 53844 Troisdorf Telefonisch: +49 (0) 7755 \/ 220 999 0 E-Mail: info@fpzv-ev.de<\/p>\n","protected":false},"author":2,"featured_media":0,"parent":0,"menu_order":0,"comment_status":"closed","ping_status":"closed","template":"","meta":{"generate_page_header":""},"_links":{"self":[{"href":"https:\/\/www.fpzv-ev.de\/index.php\/wp-json\/wp\/v2\/pages\/172"}],"collection":[{"href":"https:\/\/www.fpzv-ev.de\/index.php\/wp-json\/wp\/v2\/pages"}],"about":[{"href":"https:\/\/www.fpzv-ev.de\/index.php\/wp-json\/wp\/v2\/types\/page"}],"author":[{"embeddable":true,"href":"https:\/\/www.fpzv-ev.de\/index.php\/wp-json\/wp\/v2\/users\/2"}],"replies":[{"embeddable":true,"href":"https:\/\/www.fpzv-ev.de\/index.php\/wp-json\/wp\/v2\/comments?post=172"}],"version-history":[{"count":29,"href":"https:\/\/www.fpzv-ev.de\/index.php\/wp-json\/wp\/v2\/pages\/172\/revisions"}],"predecessor-version":[{"id":6393,"href":"https:\/\/www.fpzv-ev.de\/index.php\/wp-json\/wp\/v2\/pages\/172\/revisions\/6393"}],"wp:attachment":[{"href":"https:\/\/www.fpzv-ev.de\/index.php\/wp-json\/wp\/v2\/media?parent=172"}],"curies":[{"name":"wp","href":"https:\/\/api.w.org\/{rel}","templated":true}]}}