{"id":2,"date":"2018-01-17T17:39:20","date_gmt":"2018-01-17T17:39:20","guid":{"rendered":"https:\/\/www.fpzv-ev.de\/?page_id=2"},"modified":"2022-03-09T11:55:02","modified_gmt":"2022-03-09T11:55:02","slug":"sample-page","status":"publish","type":"page","link":"https:\/\/www.fpzv-ev.de\/","title":{"rendered":"Herzlich Willkommen beim Friesenpferde-Zuchtverband e.V."},"content":{"rendered":"\t\t<div data-elementor-type=\"wp-page\" data-elementor-id=\"2\" class=\"elementor elementor-2\">\n\t\t\t\t\t\t<section class=\"elementor-section elementor-top-section elementor-element elementor-element-62642c9e elementor-section-boxed elementor-section-height-default elementor-section-height-default\" data-id=\"62642c9e\" data-element_type=\"section\">\n\t\t\t\t\t\t<div class=\"elementor-container elementor-column-gap-default\">\n\t\t\t\t\t<div class=\"elementor-column elementor-col-100 elementor-top-column elementor-element elementor-element-fe99964\" data-id=\"fe99964\" data-element_type=\"column\">\n\t\t\t<div class=\"elementor-widget-wrap elementor-element-populated\">\n\t\t\t\t\t\t<div class=\"elementor-element elementor-element-5202c946 elementor-widget elementor-widget-text-editor\" data-id=\"5202c946\" data-element_type=\"widget\" data-widget_type=\"text-editor.default\">\n\t\t\t\t<div class=\"elementor-widget-container\">\n\t\t\t\t\t\t\t<p><span style=\"color: var( --e-global-color-text ); font-family: var( --e-global-typography-text-font-family ), Sans-serif;\"><div id=\"metaslider-id-156\" style=\"width: 100%; margin: 0 auto;\" class=\"ml-slider-3-102-0 metaslider metaslider-flex metaslider-156 ml-slider ms-theme-default nav-hidden\" role=\"region\" aria-label=\"Startslider\" data-height=\"600\" data-width=\"700\">\n    <div id=\"metaslider_container_156\">\n        <div id=\"metaslider_156\">\n            <ul class='slides'>\n                <li style=\"display: block; width: 100%;\" class=\"slide-161 ms-image \" aria-roledescription=\"slide\" data-date=\"2018-03-19 10:47:56\" data-slide-type=\"image\"><img fetchpriority=\"high\" decoding=\"async\" src=\"https:\/\/www.fpzv-ev.de\/wp-content\/uploads\/2021\/09\/Zaron_3-scaled-700x600.jpg\" height=\"600\" width=\"700\" alt=\"Hengstleistungspr\u00fcfung 2021, Landgest\u00fct Redefin. Foto: ggu\" class=\"slider-156 slide-161 msDefaultImage\" title=\"Hengstleistungspr\u00fcfung 2021, Landgest\u00fct Redefin. Foto: ggu\" \/><div class=\"caption-wrap\"><div class=\"caption\">Hengstleistungspr\u00fcfung 2021, Landgest\u00fct Redefin. Foto: ggu<\/div><\/div><\/li>\n                <li style=\"display: none; width: 100%;\" class=\"slide-5587 ms-image \" aria-roledescription=\"slide\" data-date=\"2023-09-16 10:37:23\" data-slide-type=\"image\"><img decoding=\"async\" src=\"https:\/\/www.fpzv-ev.de\/wp-content\/uploads\/2023\/09\/Niek-S-Galopp-scaled-700x600.jpg\" height=\"600\" width=\"700\" alt=\"Niek S., Foto: Dorn\" class=\"slider-156 slide-5587 msDefaultImage\" title=\"Niek S., Foto: Dorn\" \/><\/li>\n                <li style=\"display: none; width: 100%;\" class=\"slide-5588 ms-image \" aria-roledescription=\"slide\" data-date=\"2023-09-16 10:37:40\" data-slide-type=\"image\"><img decoding=\"async\" src=\"https:\/\/www.fpzv-ev.de\/wp-content\/uploads\/2023\/09\/Hakon-vom-Bellihof_Zuchtschau-Oberurff-2023_fotowelten-David-Dorn_I-scaled-700x600.jpg\" height=\"600\" width=\"700\" alt=\"\" class=\"slider-156 slide-5588 msDefaultImage\" title=\"Hakon vom Bellihof_Zuchtschau Oberurff 2023_fotowelten David Dorn_I\" \/><\/li>\n                <li style=\"display: none; width: 100%;\" class=\"slide-5591 ms-image \" aria-roledescription=\"slide\" data-date=\"2023-09-16 10:41:48\" data-slide-type=\"image\"><img loading=\"lazy\" decoding=\"async\" src=\"https:\/\/www.fpzv-ev.de\/wp-content\/uploads\/2023\/09\/FPZV_Zuchtschau-Oberurff_2023_Melanie-Stowasser-Shera-Warlich-scaled-700x600.jpg\" height=\"600\" width=\"700\" alt=\"Melanie Stowasser und Shera Warlich auf FPZV Ster-Wallach Otze de Bel auf der Zuchtschau in Oberurff 2023, Foto: Dorn\" class=\"slider-156 slide-5591 msDefaultImage\" title=\"Melanie Stowasser und Shera Warlich auf FPZV Ster-Wallach Otze de Bel auf der Zuchtschau in Oberurff 2023, Foto: Dorn\" \/><\/li>\n                <li style=\"display: none; width: 100%;\" class=\"slide-5592 ms-image \" aria-roledescription=\"slide\" data-date=\"2023-09-16 10:42:01\" data-slide-type=\"image\"><img loading=\"lazy\" decoding=\"async\" src=\"https:\/\/www.fpzv-ev.de\/wp-content\/uploads\/2023\/09\/Zahra-S_Zuchtschau-Geldern-2023-2-700x600.png\" height=\"600\" width=\"700\" alt=\"\" class=\"slider-156 slide-5592 msDefaultImage\" title=\"Zahra S_Zuchtschau Geldern 2023 (2)\" \/><\/li>\n                <li style=\"display: none; width: 100%;\" class=\"slide-163 ms-image \" aria-roledescription=\"slide\" data-date=\"2018-03-19 10:47:56\" data-slide-type=\"image\"><img loading=\"lazy\" decoding=\"async\" src=\"https:\/\/www.fpzv-ev.de\/wp-content\/uploads\/2021\/09\/Schneewunderwelt_Anett-Wiest-700x600.jpg\" height=\"600\" width=\"700\" alt=\"\" class=\"slider-156 slide-163 msDefaultImage\" title=\"Schneewunderwelt_Anett Wiest\" \/><div class=\"caption-wrap\"><div class=\"caption\">Schneegest\u00f6ber auf Friesisch, Bellihof. Foto: A. Wiest<\/div><\/div><\/li>\n            <\/ul>\n        <\/div>\n        \n    <\/div>\n<\/div><\/span><\/p>\n<p><span style=\"color: var( --e-global-color-text ); font-family: var( --e-global-typography-text-font-family ), Sans-serif;\">&nbsp;<\/span><\/p>\n<p><span style=\"color: var( --e-global-color-text ); font-family: var( --e-global-typography-text-font-family ), Sans-serif;\">Seit 1979 finden im Friesenpferde-Zuchtverband e. V. &nbsp;(FPZV e. V.) Menschen zueinander, die ihre Liebe und Leidenschaft zum Friesenpferd entdeckt haben. Mit z\u00fcchterischer Kompetenz, Entschlossenheit und oft selbstlosem Einsatz arbeiten die Mitglieder und Z\u00fcchter des FPZV e.V. zusammen, um diese alten Kulturpferderasse zu erhalten und gesund zu entwickeln. <\/span><em style=\"color: var( --e-global-color-text ); font-family: var( --e-global-typography-text-font-family ), Sans-serif;\">Der FPZV e.V. ist in Deutschland der einzige staatlich anerkannte Zuchtverband, der sich ausschlie\u00dflich dem Friesenpferd verschrieben hat.<\/em><\/p>\n<p>Wir m\u00f6chten allen Freunden und denjenigen, die sich mit der Zucht dieser beeindruckenden Pferde auseinandersetzen, eine Plattform geben, sich f\u00fcr die majest\u00e4tisch wirkenden, sanftm\u00fctigen und intelligenten &#8218;Schwarzen Perlen&#8216; Frieslands einzusetzen. &nbsp;Unsere Website dient ihnen als Informationsquelle und Austauschoption zugleich. Wir freuen uns \u00fcber jeden interessierten Friesepferdefreund, der uns in unserer Mission unterst\u00fctzt, Ideen einbringt und diese wunderbaren Allround-Pferde auf Veranstaltungen vorstellt oder bewundert.<\/p>\n<p>Sollten Sie Fragen oder Anregungen haben, z\u00f6gern Sie nicht uns anzusprechen! Wir freuen uns auf Ihr Feedback, Ihre Fragen und W\u00fcnsche rund um das Thema Friesenpferd.<\/p>\n<p>Der Vorstand<span style=\"font-family: inherit; font-size: 20px; font-style: inherit; color: var( --e-global-color-text );\">&nbsp;<\/span><\/p>\t\t\t\t\t\t<\/div>\n\t\t\t\t<\/div>\n\t\t\t\t\t<\/div>\n\t\t<\/div>\n\t\t\t\t\t<\/div>\n\t\t<\/section>\n\t\t\t\t<\/div>\n\t\t","protected":false},"excerpt":{"rendered":"<p>&nbsp; Seit 1979 finden im Friesenpferde-Zuchtverband e. V. &nbsp;(FPZV e. V.) Menschen zueinander, die ihre Liebe und Leidenschaft zum Friesenpferd entdeckt haben. Mit z\u00fcchterischer Kompetenz, Entschlossenheit und oft selbstlosem Einsatz arbeiten die Mitglieder und Z\u00fcchter des FPZV e.V. zusammen, um diese alten Kulturpferderasse zu erhalten und gesund zu entwickeln. Der FPZV e.V. ist in Deutschland &#8230; <a title=\"Herzlich Willkommen beim Friesenpferde-Zuchtverband e.V.\" class=\"read-more\" href=\"https:\/\/www.fpzv-ev.de\/\" aria-label=\"Mehr bei Herzlich Willkommen beim Friesenpferde-Zuchtverband e.V.\">Weiterlesen &#8230;<\/a><\/p>\n","protected":false},"author":2,"featured_media":0,"parent":0,"menu_order":0,"comment_status":"closed","ping_status":"open","template":"","meta":{"generate_page_header":""},"_links":{"self":[{"href":"https:\/\/www.fpzv-ev.de\/index.php\/wp-json\/wp\/v2\/pages\/2"}],"collection":[{"href":"https:\/\/www.fpzv-ev.de\/index.php\/wp-json\/wp\/v2\/pages"}],"about":[{"href":"https:\/\/www.fpzv-ev.de\/index.php\/wp-json\/wp\/v2\/types\/page"}],"author":[{"embeddable":true,"href":"https:\/\/www.fpzv-ev.de\/index.php\/wp-json\/wp\/v2\/users\/2"}],"replies":[{"embeddable":true,"href":"https:\/\/www.fpzv-ev.de\/index.php\/wp-json\/wp\/v2\/comments?post=2"}],"version-history":[{"count":95,"href":"https:\/\/www.fpzv-ev.de\/index.php\/wp-json\/wp\/v2\/pages\/2\/revisions"}],"predecessor-version":[{"id":3939,"href":"https:\/\/www.fpzv-ev.de\/index.php\/wp-json\/wp\/v2\/pages\/2\/revisions\/3939"}],"wp:attachment":[{"href":"https:\/\/www.fpzv-ev.de\/index.php\/wp-json\/wp\/v2\/media?parent=2"}],"curies":[{"name":"wp","href":"https:\/\/api.w.org\/{rel}","templated":true}]}}