{"id":3850,"date":"2022-02-08T17:10:52","date_gmt":"2022-02-08T17:10:52","guid":{"rendered":"https:\/\/www.fpzv-ev.de\/?page_id=3850"},"modified":"2022-02-09T08:28:49","modified_gmt":"2022-02-09T08:28:49","slug":"karon-vom-goldfeld","status":"publish","type":"page","link":"https:\/\/www.fpzv-ev.de\/index.php\/friesenpferdezucht\/zuchtbuch\/fpzv-hengste\/karon-vom-goldfeld\/","title":{"rendered":"Karon vom Goldfeld"},"content":{"rendered":"\t\t<div data-elementor-type=\"wp-page\" data-elementor-id=\"3850\" class=\"elementor elementor-3850\">\n\t\t\t\t\t\t<section class=\"elementor-section elementor-top-section elementor-element elementor-element-8207213 elementor-section-boxed elementor-section-height-default elementor-section-height-default\" data-id=\"8207213\" data-element_type=\"section\">\n\t\t\t\t\t\t<div class=\"elementor-container elementor-column-gap-default\">\n\t\t\t\t\t<div class=\"elementor-column elementor-col-100 elementor-top-column elementor-element elementor-element-1152dcd\" data-id=\"1152dcd\" data-element_type=\"column\">\n\t\t\t<div class=\"elementor-widget-wrap elementor-element-populated\">\n\t\t\t\t\t\t<div class=\"elementor-element elementor-element-e9dd528 elementor-widget elementor-widget-text-editor\" data-id=\"e9dd528\" data-element_type=\"widget\" data-widget_type=\"text-editor.default\">\n\t\t\t\t<div class=\"elementor-widget-container\">\n\t\t\t\t\t\t\t<p><b style=\"caret-color: #000000; color: #000000; font-family: Calibri, sans-serif; font-size: 11pt;\">Geboren:<\/b><span style=\"caret-color: #000000; color: #000000; font-family: Calibri, sans-serif; font-size: 11pt;\"> 29. April 2011<\/span><\/p><p><b style=\"caret-color: #000000; color: #000000; font-family: Calibri, sans-serif; font-size: 11pt;\">Vater:<\/b><span style=\"caret-color: #000000; color: #000000; font-family: Calibri, sans-serif; font-size: 11pt;\"> Doitsen 420 Sport<br \/><\/span><b style=\"caret-color: #000000; color: #000000; font-family: Calibri, sans-serif; font-size: 11pt;\">Mutter:<\/b><span style=\"caret-color: #000000; color: #000000; font-family: Calibri, sans-serif; font-size: 11pt;\"> Tjimkje H.\u00a0\u00a0 S<\/span><\/p><p style=\"caret-color: #000000; color: #000000; margin: 0cm; font-size: 11pt; font-family: Calibri, sans-serif;\"><b>Stockma\u00df:<\/b> 1,63 m<\/p><p style=\"caret-color: #000000; color: #000000; margin: 0cm; font-size: 11pt; font-family: Calibri, sans-serif;\">\u00a0<\/p><p style=\"caret-color: #000000; color: #000000; margin: 0cm; font-size: 11pt; font-family: Calibri, sans-serif;\"><b>K\u00f6rung:<\/b> 2019 FPZV,\u00a0<span style=\"font-size: 11pt;\">WN: 8,1<\/span><\/p><p style=\"caret-color: #000000; color: #000000; margin: 0cm; font-size: 11pt; font-family: Calibri, sans-serif;\">\u00a0<\/p><p style=\"caret-color: #000000; color: #000000; margin: 0cm; font-size: 11pt; font-family: Calibri, sans-serif;\"><b>HLP:<\/b> 2018 Redefin,\u00a0<span style=\"font-size: 11pt;\">WN: 8,2<\/span><\/p>\t\t\t\t\t\t<\/div>\n\t\t\t\t<\/div>\n\t\t\t\t\t<\/div>\n\t\t<\/div>\n\t\t\t\t\t<\/div>\n\t\t<\/section>\n\t\t\t\t<section class=\"elementor-section elementor-top-section elementor-element elementor-element-58fac07 elementor-section-boxed elementor-section-height-default elementor-section-height-default\" data-id=\"58fac07\" data-element_type=\"section\">\n\t\t\t\t\t\t<div class=\"elementor-container elementor-column-gap-default\">\n\t\t\t\t\t<div class=\"elementor-column elementor-col-100 elementor-top-column elementor-element elementor-element-99e8307\" data-id=\"99e8307\" data-element_type=\"column\">\n\t\t\t<div class=\"elementor-widget-wrap elementor-element-populated\">\n\t\t\t\t\t\t<div class=\"elementor-element elementor-element-693ca72 elementor-widget elementor-widget-image\" data-id=\"693ca72\" data-element_type=\"widget\" data-widget_type=\"image.default\">\n\t\t\t\t<div class=\"elementor-widget-container\">\n\t\t\t\t\t\t\t\t\t\t\t\t\t<img fetchpriority=\"high\" decoding=\"async\" width=\"1024\" height=\"697\" src=\"https:\/\/www.fpzv-ev.de\/wp-content\/uploads\/2022\/02\/Karon-vom-Goldfeld_Pedigree-1024x697.png\" class=\"attachment-large size-large wp-image-3840\" alt=\"\" srcset=\"https:\/\/www.fpzv-ev.de\/wp-content\/uploads\/2022\/02\/Karon-vom-Goldfeld_Pedigree-1024x697.png 1024w, https:\/\/www.fpzv-ev.de\/wp-content\/uploads\/2022\/02\/Karon-vom-Goldfeld_Pedigree-300x204.png 300w, https:\/\/www.fpzv-ev.de\/wp-content\/uploads\/2022\/02\/Karon-vom-Goldfeld_Pedigree-768x523.png 768w, https:\/\/www.fpzv-ev.de\/wp-content\/uploads\/2022\/02\/Karon-vom-Goldfeld_Pedigree.png 1092w\" sizes=\"(max-width: 1024px) 100vw, 1024px\" \/>\t\t\t\t\t\t\t\t\t\t\t\t\t<\/div>\n\t\t\t\t<\/div>\n\t\t\t\t\t<\/div>\n\t\t<\/div>\n\t\t\t\t\t<\/div>\n\t\t<\/section>\n\t\t\t\t<section class=\"elementor-section elementor-top-section elementor-element elementor-element-e098ddc elementor-section-boxed elementor-section-height-default elementor-section-height-default\" data-id=\"e098ddc\" data-element_type=\"section\">\n\t\t\t\t\t\t<div class=\"elementor-container elementor-column-gap-default\">\n\t\t\t\t\t<div class=\"elementor-column elementor-col-100 elementor-top-column elementor-element elementor-element-9d7f192\" data-id=\"9d7f192\" data-element_type=\"column\">\n\t\t\t<div class=\"elementor-widget-wrap elementor-element-populated\">\n\t\t\t\t\t\t<div class=\"elementor-element elementor-element-c58965b elementor-widget elementor-widget-text-editor\" data-id=\"c58965b\" data-element_type=\"widget\" data-widget_type=\"text-editor.default\">\n\t\t\t\t<div class=\"elementor-widget-container\">\n\t\t\t\t\t\t\t<p>Karon vom Goldfeld, geboren 2011, ist amtierender Bundeschampion der Junghengste im FPZV. 2019 gewann er als bester Junghengst die K\u00f6rung in Wickrath. Karon ist ein rassetypischer Friesenhengst von Doaitsen 420-Sport und tr\u00e4gt daher das Erbgut der inzwischen seltenen Ritske-Linie. \u00dcber seine Mutter Tjimkje H. S liegt ihm auch die Agelinie im Blut.\u00a0<\/p><p>Karon pr\u00e4sentiert sich raumgreifend, kraftvoll und ausdrucksstark. Insbesondere sein Galopp ist die Perfektion der friesischen Bergauf-Galopade. In Karon vom Goldfeld vereint sich der barocke mit dem sportlichen Friesentyp. Und diese spannende Erbanlage gibt er auch an seine Nachkommen weiter. Im Training mit Besitzerin Sylvia Sch\u00e4dlich zeigt er sich leistungsstark und motiviert. Im Handling ist er ein wahrer Schatz.<\/p><p>Karon vom Goldfeld steht in Oberurff, Bad Zwesten im Stall der Zucht- und Deckstation Friesenpferde Oberurff unter der Leitung von Sylvia Sch\u00e4dlich. Karon deckt im Natursprung. Er ist frei von: Fuchsgen, Wasserkopf- und Zwergenwuchs.<\/p><p>Gern k\u00f6nnen Sie sich ein Live-Bild von Karon machen. Wir freuen uns auf Ihren Besuch bei uns in Oberurff. <b>Kontaktieren Sie uns zur Terminvereinbarung unter Tel.<\/b> 0160 710 54 90.<\/p>\t\t\t\t\t\t<\/div>\n\t\t\t\t<\/div>\n\t\t\t\t\t<\/div>\n\t\t<\/div>\n\t\t\t\t\t<\/div>\n\t\t<\/section>\n\t\t\t\t<section class=\"elementor-section elementor-top-section elementor-element elementor-element-714cf4b elementor-section-boxed elementor-section-height-default elementor-section-height-default\" data-id=\"714cf4b\" data-element_type=\"section\">\n\t\t\t\t\t\t<div class=\"elementor-container elementor-column-gap-default\">\n\t\t\t\t\t<div class=\"elementor-column elementor-col-33 elementor-top-column elementor-element elementor-element-c5a0454\" data-id=\"c5a0454\" data-element_type=\"column\">\n\t\t\t<div class=\"elementor-widget-wrap elementor-element-populated\">\n\t\t\t\t\t\t<div class=\"elementor-element elementor-element-77cf0a8 elementor-widget elementor-widget-image\" data-id=\"77cf0a8\" data-element_type=\"widget\" data-widget_type=\"image.default\">\n\t\t\t\t<div class=\"elementor-widget-container\">\n\t\t\t\t\t\t\t\t\t\t\t\t\t<img decoding=\"async\" width=\"1024\" height=\"683\" src=\"https:\/\/www.fpzv-ev.de\/wp-content\/uploads\/2021\/11\/Karon-vom-Goldfeld-1024x683.jpg\" class=\"attachment-large size-large wp-image-3791\" alt=\"Karon vom Goldfeld, Foto: KH Fotografie\" srcset=\"https:\/\/www.fpzv-ev.de\/wp-content\/uploads\/2021\/11\/Karon-vom-Goldfeld-1024x683.jpg 1024w, https:\/\/www.fpzv-ev.de\/wp-content\/uploads\/2021\/11\/Karon-vom-Goldfeld-300x200.jpg 300w, https:\/\/www.fpzv-ev.de\/wp-content\/uploads\/2021\/11\/Karon-vom-Goldfeld-768x512.jpg 768w, https:\/\/www.fpzv-ev.de\/wp-content\/uploads\/2021\/11\/Karon-vom-Goldfeld.jpg 1440w\" sizes=\"(max-width: 1024px) 100vw, 1024px\" \/>\t\t\t\t\t\t\t\t\t\t\t\t\t<\/div>\n\t\t\t\t<\/div>\n\t\t\t\t\t<\/div>\n\t\t<\/div>\n\t\t\t\t<div class=\"elementor-column elementor-col-33 elementor-top-column elementor-element elementor-element-57ad4c3\" data-id=\"57ad4c3\" data-element_type=\"column\">\n\t\t\t<div class=\"elementor-widget-wrap elementor-element-populated\">\n\t\t\t\t\t\t<div class=\"elementor-element elementor-element-1ad9940 elementor-widget elementor-widget-image\" data-id=\"1ad9940\" data-element_type=\"widget\" data-widget_type=\"image.default\">\n\t\t\t\t<div class=\"elementor-widget-container\">\n\t\t\t\t\t\t\t\t\t\t\t\t\t<img decoding=\"async\" width=\"1024\" height=\"683\" src=\"https:\/\/www.fpzv-ev.de\/wp-content\/uploads\/2022\/02\/Karon_KHFotografie-1024x683.jpg\" class=\"attachment-large size-large wp-image-3842\" alt=\"Karon vom Goldfeld, Foto: K. H. Fotografie\" srcset=\"https:\/\/www.fpzv-ev.de\/wp-content\/uploads\/2022\/02\/Karon_KHFotografie-1024x683.jpg 1024w, https:\/\/www.fpzv-ev.de\/wp-content\/uploads\/2022\/02\/Karon_KHFotografie-300x200.jpg 300w, https:\/\/www.fpzv-ev.de\/wp-content\/uploads\/2022\/02\/Karon_KHFotografie-768x512.jpg 768w, https:\/\/www.fpzv-ev.de\/wp-content\/uploads\/2022\/02\/Karon_KHFotografie-1536x1024.jpg 1536w, https:\/\/www.fpzv-ev.de\/wp-content\/uploads\/2022\/02\/Karon_KHFotografie-2048x1365.jpg 2048w\" sizes=\"(max-width: 1024px) 100vw, 1024px\" \/>\t\t\t\t\t\t\t\t\t\t\t\t\t<\/div>\n\t\t\t\t<\/div>\n\t\t\t\t\t<\/div>\n\t\t<\/div>\n\t\t\t\t<div class=\"elementor-column elementor-col-33 elementor-top-column elementor-element elementor-element-f0784a4\" data-id=\"f0784a4\" data-element_type=\"column\">\n\t\t\t<div class=\"elementor-widget-wrap elementor-element-populated\">\n\t\t\t\t\t\t<div class=\"elementor-element elementor-element-1c9d8c3 elementor-widget elementor-widget-image\" data-id=\"1c9d8c3\" data-element_type=\"widget\" data-widget_type=\"image.default\">\n\t\t\t\t<div class=\"elementor-widget-container\">\n\t\t\t\t\t\t\t\t\t\t\t\t\t<img loading=\"lazy\" decoding=\"async\" width=\"1024\" height=\"683\" src=\"https:\/\/www.fpzv-ev.de\/wp-content\/uploads\/2021\/11\/Karon-vom-Goldfeld-Trab-1024x683.jpg\" class=\"attachment-large size-large wp-image-3790\" alt=\"Karon vom Goldfeld Trab, Foto: K. H. Fotografie\" srcset=\"https:\/\/www.fpzv-ev.de\/wp-content\/uploads\/2021\/11\/Karon-vom-Goldfeld-Trab-1024x683.jpg 1024w, https:\/\/www.fpzv-ev.de\/wp-content\/uploads\/2021\/11\/Karon-vom-Goldfeld-Trab-300x200.jpg 300w, https:\/\/www.fpzv-ev.de\/wp-content\/uploads\/2021\/11\/Karon-vom-Goldfeld-Trab-768x512.jpg 768w, https:\/\/www.fpzv-ev.de\/wp-content\/uploads\/2021\/11\/Karon-vom-Goldfeld-Trab.jpg 1440w\" sizes=\"(max-width: 1024px) 100vw, 1024px\" \/>\t\t\t\t\t\t\t\t\t\t\t\t\t<\/div>\n\t\t\t\t<\/div>\n\t\t\t\t\t<\/div>\n\t\t<\/div>\n\t\t\t\t\t<\/div>\n\t\t<\/section>\n\t\t\t\t<section class=\"elementor-section elementor-top-section elementor-element elementor-element-363e204 elementor-section-boxed elementor-section-height-default elementor-section-height-default\" data-id=\"363e204\" data-element_type=\"section\">\n\t\t\t\t\t\t<div class=\"elementor-container elementor-column-gap-default\">\n\t\t\t\t\t<div class=\"elementor-column elementor-col-100 elementor-top-column elementor-element elementor-element-d48edbc\" data-id=\"d48edbc\" data-element_type=\"column\">\n\t\t\t<div class=\"elementor-widget-wrap elementor-element-populated\">\n\t\t\t\t\t\t<div class=\"elementor-element elementor-element-4485ced elementor-widget elementor-widget-image\" data-id=\"4485ced\" data-element_type=\"widget\" data-widget_type=\"image.default\">\n\t\t\t\t<div class=\"elementor-widget-container\">\n\t\t\t\t\t\t\t\t\t\t\t\t\t<img loading=\"lazy\" decoding=\"async\" width=\"1024\" height=\"683\" src=\"https:\/\/www.fpzv-ev.de\/wp-content\/uploads\/2022\/02\/KaronvomGoldfeld_GabrieleBoiselle-1024x683.jpg\" class=\"attachment-large size-large wp-image-3843\" alt=\"Karon vom Goldfeld, Foto: Gabriele Boiselle\/Edition Boiselle\" srcset=\"https:\/\/www.fpzv-ev.de\/wp-content\/uploads\/2022\/02\/KaronvomGoldfeld_GabrieleBoiselle-1024x683.jpg 1024w, https:\/\/www.fpzv-ev.de\/wp-content\/uploads\/2022\/02\/KaronvomGoldfeld_GabrieleBoiselle-300x200.jpg 300w, https:\/\/www.fpzv-ev.de\/wp-content\/uploads\/2022\/02\/KaronvomGoldfeld_GabrieleBoiselle-768x512.jpg 768w, https:\/\/www.fpzv-ev.de\/wp-content\/uploads\/2022\/02\/KaronvomGoldfeld_GabrieleBoiselle-1536x1024.jpg 1536w, https:\/\/www.fpzv-ev.de\/wp-content\/uploads\/2022\/02\/KaronvomGoldfeld_GabrieleBoiselle-2048x1365.jpg 2048w\" sizes=\"(max-width: 1024px) 100vw, 1024px\" \/>\t\t\t\t\t\t\t\t\t\t\t\t\t<\/div>\n\t\t\t\t<\/div>\n\t\t\t\t\t<\/div>\n\t\t<\/div>\n\t\t\t\t\t<\/div>\n\t\t<\/section>\n\t\t\t\t<section class=\"elementor-section elementor-top-section elementor-element elementor-element-c68629f elementor-section-boxed elementor-section-height-default elementor-section-height-default\" data-id=\"c68629f\" data-element_type=\"section\">\n\t\t\t\t\t\t<div class=\"elementor-container elementor-column-gap-default\">\n\t\t\t\t\t<div class=\"elementor-column elementor-col-50 elementor-top-column elementor-element elementor-element-e502c26\" data-id=\"e502c26\" data-element_type=\"column\">\n\t\t\t<div class=\"elementor-widget-wrap elementor-element-populated\">\n\t\t\t\t\t\t<div class=\"elementor-element elementor-element-fe606f2 elementor-widget elementor-widget-image\" data-id=\"fe606f2\" data-element_type=\"widget\" data-widget_type=\"image.default\">\n\t\t\t\t<div class=\"elementor-widget-container\">\n\t\t\t\t\t\t\t\t\t\t\t\t\t<img loading=\"lazy\" decoding=\"async\" width=\"657\" height=\"1024\" src=\"https:\/\/www.fpzv-ev.de\/wp-content\/uploads\/2022\/02\/KaronWickrath-657x1024.jpg\" class=\"attachment-large size-large wp-image-3841\" alt=\"Karon vom Goldfeld, Hengstk\u00f6rung in Wickrath 2019, Foto: ggu\" srcset=\"https:\/\/www.fpzv-ev.de\/wp-content\/uploads\/2022\/02\/KaronWickrath-657x1024.jpg 657w, https:\/\/www.fpzv-ev.de\/wp-content\/uploads\/2022\/02\/KaronWickrath-192x300.jpg 192w, https:\/\/www.fpzv-ev.de\/wp-content\/uploads\/2022\/02\/KaronWickrath-768x1198.jpg 768w, https:\/\/www.fpzv-ev.de\/wp-content\/uploads\/2022\/02\/KaronWickrath-985x1536.jpg 985w, https:\/\/www.fpzv-ev.de\/wp-content\/uploads\/2022\/02\/KaronWickrath-1313x2048.jpg 1313w, https:\/\/www.fpzv-ev.de\/wp-content\/uploads\/2022\/02\/KaronWickrath-scaled.jpg 1642w\" sizes=\"(max-width: 657px) 100vw, 657px\" \/>\t\t\t\t\t\t\t\t\t\t\t\t\t<\/div>\n\t\t\t\t<\/div>\n\t\t\t\t\t<\/div>\n\t\t<\/div>\n\t\t\t\t<div class=\"elementor-column elementor-col-50 elementor-top-column elementor-element elementor-element-1f5d731\" data-id=\"1f5d731\" data-element_type=\"column\">\n\t\t\t<div class=\"elementor-widget-wrap elementor-element-populated\">\n\t\t\t\t\t\t<div class=\"elementor-element elementor-element-c54a960 elementor-widget elementor-widget-image\" data-id=\"c54a960\" data-element_type=\"widget\" data-widget_type=\"image.default\">\n\t\t\t\t<div class=\"elementor-widget-container\">\n\t\t\t\t\t\t\t\t\t\t\t\t\t<img loading=\"lazy\" decoding=\"async\" width=\"683\" height=\"1024\" src=\"https:\/\/www.fpzv-ev.de\/wp-content\/uploads\/2022\/02\/Karon_KHFotografie-1-683x1024.jpg\" class=\"attachment-large size-large wp-image-3844\" alt=\"Portr\u00e4t Karon vom Goldfeld, K. H. Fotografie\" srcset=\"https:\/\/www.fpzv-ev.de\/wp-content\/uploads\/2022\/02\/Karon_KHFotografie-1-683x1024.jpg 683w, https:\/\/www.fpzv-ev.de\/wp-content\/uploads\/2022\/02\/Karon_KHFotografie-1-200x300.jpg 200w, https:\/\/www.fpzv-ev.de\/wp-content\/uploads\/2022\/02\/Karon_KHFotografie-1-768x1152.jpg 768w, https:\/\/www.fpzv-ev.de\/wp-content\/uploads\/2022\/02\/Karon_KHFotografie-1-1024x1536.jpg 1024w, https:\/\/www.fpzv-ev.de\/wp-content\/uploads\/2022\/02\/Karon_KHFotografie-1-1365x2048.jpg 1365w, https:\/\/www.fpzv-ev.de\/wp-content\/uploads\/2022\/02\/Karon_KHFotografie-1-scaled.jpg 1706w\" sizes=\"(max-width: 683px) 100vw, 683px\" \/>\t\t\t\t\t\t\t\t\t\t\t\t\t<\/div>\n\t\t\t\t<\/div>\n\t\t\t\t\t<\/div>\n\t\t<\/div>\n\t\t\t\t\t<\/div>\n\t\t<\/section>\n\t\t\t\t<\/div>\n\t\t","protected":false},"excerpt":{"rendered":"<p>Geboren: 29. April 2011 Vater: Doitsen 420 SportMutter: Tjimkje H.\u00a0\u00a0 S Stockma\u00df: 1,63 m \u00a0 K\u00f6rung: 2019 FPZV,\u00a0WN: 8,1 \u00a0 HLP: 2018 Redefin,\u00a0WN: 8,2 Karon vom Goldfeld, geboren 2011, ist amtierender Bundeschampion der Junghengste im FPZV. 2019 gewann er als bester Junghengst die K\u00f6rung in Wickrath. Karon ist ein rassetypischer Friesenhengst von Doaitsen 420-Sport und &#8230; <a title=\"Karon vom Goldfeld\" class=\"read-more\" href=\"https:\/\/www.fpzv-ev.de\/index.php\/friesenpferdezucht\/zuchtbuch\/fpzv-hengste\/karon-vom-goldfeld\/\" aria-label=\"Mehr bei Karon vom Goldfeld\">Weiterlesen &#8230;<\/a><\/p>\n","protected":false},"author":123462,"featured_media":0,"parent":413,"menu_order":0,"comment_status":"closed","ping_status":"closed","template":"","meta":{"generate_page_header":""},"_links":{"self":[{"href":"https:\/\/www.fpzv-ev.de\/index.php\/wp-json\/wp\/v2\/pages\/3850"}],"collection":[{"href":"https:\/\/www.fpzv-ev.de\/index.php\/wp-json\/wp\/v2\/pages"}],"about":[{"href":"https:\/\/www.fpzv-ev.de\/index.php\/wp-json\/wp\/v2\/types\/page"}],"author":[{"embeddable":true,"href":"https:\/\/www.fpzv-ev.de\/index.php\/wp-json\/wp\/v2\/users\/123462"}],"replies":[{"embeddable":true,"href":"https:\/\/www.fpzv-ev.de\/index.php\/wp-json\/wp\/v2\/comments?post=3850"}],"version-history":[{"count":11,"href":"https:\/\/www.fpzv-ev.de\/index.php\/wp-json\/wp\/v2\/pages\/3850\/revisions"}],"predecessor-version":[{"id":3886,"href":"https:\/\/www.fpzv-ev.de\/index.php\/wp-json\/wp\/v2\/pages\/3850\/revisions\/3886"}],"up":[{"embeddable":true,"href":"https:\/\/www.fpzv-ev.de\/index.php\/wp-json\/wp\/v2\/pages\/413"}],"wp:attachment":[{"href":"https:\/\/www.fpzv-ev.de\/index.php\/wp-json\/wp\/v2\/media?parent=3850"}],"curies":[{"name":"wp","href":"https:\/\/api.w.org\/{rel}","templated":true}]}}