{"id":3902,"date":"2022-03-09T11:31:08","date_gmt":"2022-03-09T11:31:08","guid":{"rendered":"https:\/\/www.fpzv-ev.de\/?page_id=3902"},"modified":"2022-03-09T11:31:08","modified_gmt":"2022-03-09T11:31:08","slug":"der-fpzv","status":"publish","type":"page","link":"https:\/\/www.fpzv-ev.de\/index.php\/der-fpzv\/","title":{"rendered":"Der FPZV"},"content":{"rendered":"<p>Unter diesem Men\u00fcpunkt haben wir f\u00fcr Sie alles zusammengetragen, was Sie \u00fcber den Friesenpferdezuchtverband e. V. \u2013 kurz: FPZV \u2013 wissen m\u00fcssen. Wir w\u00fcnschen Ihnen auf dieser Erkenntnis-Reise viele interessante Momente. Klicken Sie sich durch die einzelnen Unterpunkte. So erfahren Sie auf einen Klick, was Sie wissen m\u00f6chten.<\/p>\n","protected":false},"excerpt":{"rendered":"<p>Unter diesem Men\u00fcpunkt haben wir f\u00fcr Sie alles zusammengetragen, was Sie \u00fcber den Friesenpferdezuchtverband e. V. \u2013 kurz: FPZV \u2013 wissen m\u00fcssen. Wir w\u00fcnschen Ihnen auf dieser Erkenntnis-Reise viele interessante Momente. Klicken Sie sich durch die einzelnen Unterpunkte. So erfahren Sie auf einen Klick, was Sie wissen m\u00f6chten.<\/p>\n","protected":false},"author":123462,"featured_media":0,"parent":0,"menu_order":0,"comment_status":"closed","ping_status":"closed","template":"","meta":{"generate_page_header":""},"_links":{"self":[{"href":"https:\/\/www.fpzv-ev.de\/index.php\/wp-json\/wp\/v2\/pages\/3902"}],"collection":[{"href":"https:\/\/www.fpzv-ev.de\/index.php\/wp-json\/wp\/v2\/pages"}],"about":[{"href":"https:\/\/www.fpzv-ev.de\/index.php\/wp-json\/wp\/v2\/types\/page"}],"author":[{"embeddable":true,"href":"https:\/\/www.fpzv-ev.de\/index.php\/wp-json\/wp\/v2\/users\/123462"}],"replies":[{"embeddable":true,"href":"https:\/\/www.fpzv-ev.de\/index.php\/wp-json\/wp\/v2\/comments?post=3902"}],"version-history":[{"count":2,"href":"https:\/\/www.fpzv-ev.de\/index.php\/wp-json\/wp\/v2\/pages\/3902\/revisions"}],"predecessor-version":[{"id":3904,"href":"https:\/\/www.fpzv-ev.de\/index.php\/wp-json\/wp\/v2\/pages\/3902\/revisions\/3904"}],"wp:attachment":[{"href":"https:\/\/www.fpzv-ev.de\/index.php\/wp-json\/wp\/v2\/media?parent=3902"}],"curies":[{"name":"wp","href":"https:\/\/api.w.org\/{rel}","templated":true}]}}