{"id":406,"date":"2018-03-20T17:47:54","date_gmt":"2018-03-20T17:47:54","guid":{"rendered":"https:\/\/www.fpzv-ev.de\/?page_id=406"},"modified":"2022-11-26T19:07:00","modified_gmt":"2022-11-26T19:07:00","slug":"mitglied-werden","status":"publish","type":"page","link":"https:\/\/www.fpzv-ev.de\/index.php\/der-fpzv\/mitglied-werden\/","title":{"rendered":"Mitgliedschaft"},"content":{"rendered":"\t\t<div data-elementor-type=\"wp-post\" data-elementor-id=\"406\" class=\"elementor elementor-406\">\n\t\t\t\t\t\t<section class=\"elementor-section elementor-top-section elementor-element elementor-element-ac0dde2 elementor-section-boxed elementor-section-height-default elementor-section-height-default\" data-id=\"ac0dde2\" data-element_type=\"section\">\n\t\t\t\t\t\t<div class=\"elementor-container elementor-column-gap-default\">\n\t\t\t\t\t<div class=\"elementor-column elementor-col-100 elementor-top-column elementor-element elementor-element-9ed2985\" data-id=\"9ed2985\" data-element_type=\"column\">\n\t\t\t<div class=\"elementor-widget-wrap elementor-element-populated\">\n\t\t\t\t\t\t<div class=\"elementor-element elementor-element-49f6d7a elementor-widget elementor-widget-testimonial\" data-id=\"49f6d7a\" data-element_type=\"widget\" data-widget_type=\"testimonial.default\">\n\t\t\t\t<div class=\"elementor-widget-container\">\n\t\t\t\t\t<div class=\"elementor-testimonial-wrapper\">\n\t\t\t\t\t\t\t<div class=\"elementor-testimonial-content\">\u201eZusammenkommen ist ein Anfang, Zusammenbleiben ist ein Fortschritt, und Zusammenarbeiten ist Erfolg.\u201c <\/div>\n\t\t\t\n\t\t\t\t\t\t<div class=\"elementor-testimonial-meta elementor-has-image elementor-testimonial-image-position-aside\">\n\t\t\t\t<div class=\"elementor-testimonial-meta-inner\">\n\t\t\t\t\t\t\t\t\t\t\t<div class=\"elementor-testimonial-image\">\n\t\t\t\t\t\t\t<img decoding=\"async\" width=\"80\" height=\"80\" src=\"https:\/\/www.fpzv-ev.de\/wp-content\/uploads\/2018\/03\/icons8-benutzergruppen-80.png\" class=\"attachment-full size-full wp-image-615\" alt=\"\" \/>\t\t\t\t\t\t<\/div>\n\t\t\t\t\t\n\t\t\t\t\t\t\t\t\t\t<div class=\"elementor-testimonial-details\">\n\t\t\t\t\t\t\t\t\t\t\t\t\t\t<div class=\"elementor-testimonial-name\">Henry Ford<\/div>\n\t\t\t\t\t\t\t\t\t\t\t\t\t\t\t\t\t\t\t\t\t\t<div class=\"elementor-testimonial-job\">Gr\u00fcnder von Ford<\/div>\n\t\t\t\t\t\t\t\t\t\t\t\t\t<\/div>\n\t\t\t\t\t\t\t\t\t<\/div>\n\t\t\t<\/div>\n\t\t\t\t\t<\/div>\n\t\t\t\t<\/div>\n\t\t\t\t<\/div>\n\t\t\t\t\t<\/div>\n\t\t<\/div>\n\t\t\t\t\t<\/div>\n\t\t<\/section>\n\t\t\t\t<section class=\"elementor-section elementor-top-section elementor-element elementor-element-d8e5452 elementor-section-boxed elementor-section-height-default elementor-section-height-default\" data-id=\"d8e5452\" data-element_type=\"section\">\n\t\t\t\t\t\t<div class=\"elementor-container elementor-column-gap-default\">\n\t\t\t\t\t<div class=\"elementor-column elementor-col-100 elementor-top-column elementor-element elementor-element-83bbe5a\" data-id=\"83bbe5a\" data-element_type=\"column\">\n\t\t\t<div class=\"elementor-widget-wrap elementor-element-populated\">\n\t\t\t\t\t\t<div class=\"elementor-element elementor-element-b3cc33c elementor-widget elementor-widget-text-editor\" data-id=\"b3cc33c\" data-element_type=\"widget\" data-widget_type=\"text-editor.default\">\n\t\t\t\t<div class=\"elementor-widget-container\">\n\t\t\t\t\t\t\t<p>Unsere Mitglieder sind aus den unterschiedlichsten Gr\u00fcnden im FPZV und wir m\u00f6chten allen Friesenfreunden die M\u00f6glichkeit geben, gemeinsam am Erhalt und der Fortentwicklung unserer schwarzen Perlen zu arbeiten.\u00a0<\/p><p>Sollte Sie sich unserem Wirken anschlie\u00dfen wollen, dann finden Sie auf dieser Seite unsere Mitgliedsantr\u00e4ge und weitere wichtige Formulare: <a href=\"https:\/\/www.fpzv-ev.de\/index.php\/service\/formulare\/\">Hier klicken<\/a><\/p>\t\t\t\t\t\t<\/div>\n\t\t\t\t<\/div>\n\t\t\t\t\t<\/div>\n\t\t<\/div>\n\t\t\t\t\t<\/div>\n\t\t<\/section>\n\t\t\t\t<section class=\"elementor-section elementor-top-section elementor-element elementor-element-0031499 elementor-section-boxed elementor-section-height-default elementor-section-height-default\" data-id=\"0031499\" data-element_type=\"section\">\n\t\t\t\t\t\t<div class=\"elementor-container elementor-column-gap-default\">\n\t\t\t\t\t<div class=\"elementor-column elementor-col-100 elementor-top-column elementor-element elementor-element-a9fb4b4\" data-id=\"a9fb4b4\" data-element_type=\"column\">\n\t\t\t<div class=\"elementor-widget-wrap elementor-element-populated\">\n\t\t\t\t\t\t<div class=\"elementor-element elementor-element-6af98bc elementor-widget elementor-widget-image\" data-id=\"6af98bc\" data-element_type=\"widget\" data-widget_type=\"image.default\">\n\t\t\t\t<div class=\"elementor-widget-container\">\n\t\t\t\t\t\t\t\t\t\t\t\t\t<img fetchpriority=\"high\" decoding=\"async\" width=\"799\" height=\"400\" src=\"https:\/\/www.fpzv-ev.de\/wp-content\/uploads\/2018\/03\/mitgliedschaft.jpg\" class=\"attachment-large size-large wp-image-747\" alt=\"\" srcset=\"https:\/\/www.fpzv-ev.de\/wp-content\/uploads\/2018\/03\/mitgliedschaft.jpg 799w, https:\/\/www.fpzv-ev.de\/wp-content\/uploads\/2018\/03\/mitgliedschaft-300x150.jpg 300w, https:\/\/www.fpzv-ev.de\/wp-content\/uploads\/2018\/03\/mitgliedschaft-768x384.jpg 768w\" sizes=\"(max-width: 799px) 100vw, 799px\" \/>\t\t\t\t\t\t\t\t\t\t\t\t\t<\/div>\n\t\t\t\t<\/div>\n\t\t\t\t\t<\/div>\n\t\t<\/div>\n\t\t\t\t\t<\/div>\n\t\t<\/section>\n\t\t\t\t<\/div>\n\t\t","protected":false},"excerpt":{"rendered":"<p>\u201eZusammenkommen ist ein Anfang, Zusammenbleiben ist ein Fortschritt, und Zusammenarbeiten ist Erfolg.\u201c Henry Ford Gr\u00fcnder von Ford Unsere Mitglieder sind aus den unterschiedlichsten Gr\u00fcnden im FPZV und wir m\u00f6chten allen Friesenfreunden die M\u00f6glichkeit geben, gemeinsam am Erhalt und der Fortentwicklung unserer schwarzen Perlen zu arbeiten.\u00a0 Sollte Sie sich unserem Wirken anschlie\u00dfen wollen, dann finden Sie &#8230; <a title=\"Mitgliedschaft\" class=\"read-more\" href=\"https:\/\/www.fpzv-ev.de\/index.php\/der-fpzv\/mitglied-werden\/\" aria-label=\"Mehr bei Mitgliedschaft\">Weiterlesen &#8230;<\/a><\/p>\n","protected":false},"author":2,"featured_media":0,"parent":3902,"menu_order":0,"comment_status":"closed","ping_status":"closed","template":"","meta":{"generate_page_header":""},"_links":{"self":[{"href":"https:\/\/www.fpzv-ev.de\/index.php\/wp-json\/wp\/v2\/pages\/406"}],"collection":[{"href":"https:\/\/www.fpzv-ev.de\/index.php\/wp-json\/wp\/v2\/pages"}],"about":[{"href":"https:\/\/www.fpzv-ev.de\/index.php\/wp-json\/wp\/v2\/types\/page"}],"author":[{"embeddable":true,"href":"https:\/\/www.fpzv-ev.de\/index.php\/wp-json\/wp\/v2\/users\/2"}],"replies":[{"embeddable":true,"href":"https:\/\/www.fpzv-ev.de\/index.php\/wp-json\/wp\/v2\/comments?post=406"}],"version-history":[{"count":23,"href":"https:\/\/www.fpzv-ev.de\/index.php\/wp-json\/wp\/v2\/pages\/406\/revisions"}],"predecessor-version":[{"id":4333,"href":"https:\/\/www.fpzv-ev.de\/index.php\/wp-json\/wp\/v2\/pages\/406\/revisions\/4333"}],"up":[{"embeddable":true,"href":"https:\/\/www.fpzv-ev.de\/index.php\/wp-json\/wp\/v2\/pages\/3902"}],"wp:attachment":[{"href":"https:\/\/www.fpzv-ev.de\/index.php\/wp-json\/wp\/v2\/media?parent=406"}],"curies":[{"name":"wp","href":"https:\/\/api.w.org\/{rel}","templated":true}]}}