{"id":410,"date":"2018-03-20T17:52:32","date_gmt":"2018-03-20T17:52:32","guid":{"rendered":"https:\/\/www.fpzv-ev.de\/?page_id=410"},"modified":"2018-04-30T12:41:35","modified_gmt":"2018-04-30T12:41:35","slug":"friesenpferdezucht","status":"publish","type":"page","link":"https:\/\/www.fpzv-ev.de\/index.php\/friesenpferdezucht\/","title":{"rendered":"Friesenpferdezucht"},"content":{"rendered":"\t\t<div data-elementor-type=\"wp-post\" data-elementor-id=\"410\" class=\"elementor elementor-410 elementor-bc-flex-widget\">\n\t\t\t\t\t\t<section class=\"elementor-section elementor-top-section elementor-element elementor-element-a5e985b elementor-section-boxed elementor-section-height-default elementor-section-height-default\" data-id=\"a5e985b\" data-element_type=\"section\">\n\t\t\t\t\t\t<div class=\"elementor-container elementor-column-gap-default\">\n\t\t\t\t\t<div class=\"elementor-column elementor-col-100 elementor-top-column elementor-element elementor-element-084bac3\" data-id=\"084bac3\" data-element_type=\"column\">\n\t\t\t<div class=\"elementor-widget-wrap elementor-element-populated\">\n\t\t\t\t\t\t<div class=\"elementor-element elementor-element-9178b8a elementor-widget elementor-widget-testimonial\" data-id=\"9178b8a\" data-element_type=\"widget\" data-widget_type=\"testimonial.default\">\n\t\t\t\t<div class=\"elementor-widget-container\">\n\t\t\t\t\t<div class=\"elementor-testimonial-wrapper\">\n\t\t\t\t\t\t\t<div class=\"elementor-testimonial-content\">Zweck des Zuchtverbandes ist die F\u00f6rderung der Zucht, Haltung und Verbreitung des klassischen Friesenpferdes niederl\u00e4ndischen Ursprungs in jeder geeigneten Weise guter Qualit\u00e4t und gutem Rassetyps nach den Bestimmungen der Satzung sowie des Zuchtprogramms.<\/div>\n\t\t\t\n\t\t\t\t\t\t<div class=\"elementor-testimonial-meta elementor-has-image elementor-testimonial-image-position-aside\">\n\t\t\t\t<div class=\"elementor-testimonial-meta-inner\">\n\t\t\t\t\t\t\t\t\t\t\t<div class=\"elementor-testimonial-image\">\n\t\t\t\t\t\t\t<img decoding=\"async\" width=\"172\" height=\"200\" src=\"https:\/\/www.fpzv-ev.de\/wp-content\/uploads\/2018\/02\/cropped-FPZV.jpg\" class=\"attachment-full size-full wp-image-12\" alt=\"\" \/>\t\t\t\t\t\t<\/div>\n\t\t\t\t\t\n\t\t\t\t\t\t\t\t\t\t<div class=\"elementor-testimonial-details\">\n\t\t\t\t\t\t\t\t\t\t\t\t\t\t<div class=\"elementor-testimonial-name\">A.2 Zweck<\/div>\n\t\t\t\t\t\t\t\t\t\t\t\t\t\t\t\t\t\t\t\t\t\t<div class=\"elementor-testimonial-job\">Der Zweck des FPZV e.V. gem\u00e4\u00df unserer Satzung.<\/div>\n\t\t\t\t\t\t\t\t\t\t\t\t\t<\/div>\n\t\t\t\t\t\t\t\t\t<\/div>\n\t\t\t<\/div>\n\t\t\t\t\t<\/div>\n\t\t\t\t<\/div>\n\t\t\t\t<\/div>\n\t\t\t\t\t<\/div>\n\t\t<\/div>\n\t\t\t\t\t<\/div>\n\t\t<\/section>\n\t\t\t\t<section class=\"elementor-section elementor-top-section elementor-element elementor-element-ee26475 elementor-section-boxed elementor-section-height-default elementor-section-height-default\" data-id=\"ee26475\" data-element_type=\"section\">\n\t\t\t\t\t\t<div class=\"elementor-container elementor-column-gap-default\">\n\t\t\t\t\t<div class=\"elementor-column elementor-col-100 elementor-top-column elementor-element elementor-element-c9da3ad\" data-id=\"c9da3ad\" data-element_type=\"column\">\n\t\t\t<div class=\"elementor-widget-wrap elementor-element-populated\">\n\t\t\t\t\t\t<div class=\"elementor-element elementor-element-4863d34 elementor-widget elementor-widget-text-editor\" data-id=\"4863d34\" data-element_type=\"widget\" data-widget_type=\"text-editor.default\">\n\t\t\t\t<div class=\"elementor-widget-container\">\n\t\t\t\t\t\t\t<p>Die Tierzucht wird in Europa von nationalen und internationalen Gesetzen und Verordnungen geregelt. Dies dient dem Schutz von Mensch und Tier. Wir als Zuchtverband haben mit der staatlichen Anerkennung die Pflicht \u00fcbernommen, die Umsetzung und Einhaltung dieser Vorschriften in unserem Verantwortungsbereich zu sichern. Auf den folgenden Seiten k\u00f6nnen Sie sich ein Bild von unserer Arbeit machen.<\/p>\t\t\t\t\t\t<\/div>\n\t\t\t\t<\/div>\n\t\t\t\t\t<\/div>\n\t\t<\/div>\n\t\t\t\t\t<\/div>\n\t\t<\/section>\n\t\t\t\t<section class=\"elementor-section elementor-top-section elementor-element elementor-element-7d5570c elementor-section-boxed elementor-section-height-default elementor-section-height-default\" data-id=\"7d5570c\" data-element_type=\"section\">\n\t\t\t\t\t\t<div class=\"elementor-container elementor-column-gap-default\">\n\t\t\t\t\t<div class=\"elementor-column elementor-col-33 elementor-top-column elementor-element elementor-element-06767bc\" data-id=\"06767bc\" data-element_type=\"column\">\n\t\t\t<div class=\"elementor-widget-wrap elementor-element-populated\">\n\t\t\t\t\t\t<div class=\"elementor-element elementor-element-01a1f44 elementor-align-justify elementor-widget elementor-widget-button\" data-id=\"01a1f44\" data-element_type=\"widget\" data-widget_type=\"button.default\">\n\t\t\t\t<div class=\"elementor-widget-container\">\n\t\t\t\t\t<div class=\"elementor-button-wrapper\">\n\t\t\t<a class=\"elementor-button elementor-button-link elementor-size-xl\" href=\"https:\/\/www.fpzv-ev.de\/index.php\/friesenpferdezucht\/unser-verband\">\n\t\t\t\t\t\t<span class=\"elementor-button-content-wrapper\">\n\t\t\t\t\t\t\t\t\t<span class=\"elementor-button-text\">Unser Verband<\/span>\n\t\t\t\t\t<\/span>\n\t\t\t\t\t<\/a>\n\t\t<\/div>\n\t\t\t\t<\/div>\n\t\t\t\t<\/div>\n\t\t\t\t\t<\/div>\n\t\t<\/div>\n\t\t\t\t<div class=\"elementor-column elementor-col-33 elementor-top-column elementor-element elementor-element-2bb2839\" data-id=\"2bb2839\" data-element_type=\"column\">\n\t\t\t<div class=\"elementor-widget-wrap elementor-element-populated\">\n\t\t\t\t\t\t<div class=\"elementor-element elementor-element-8c4a01b elementor-align-justify elementor-widget elementor-widget-button\" data-id=\"8c4a01b\" data-element_type=\"widget\" data-widget_type=\"button.default\">\n\t\t\t\t<div class=\"elementor-widget-container\">\n\t\t\t\t\t<div class=\"elementor-button-wrapper\">\n\t\t\t<a class=\"elementor-button elementor-button-link elementor-size-xl\" href=\"https:\/\/www.fpzv-ev.de\/index.php\/friesenpferdezucht\/zuchtbuch\">\n\t\t\t\t\t\t<span class=\"elementor-button-content-wrapper\">\n\t\t\t\t\t\t\t\t\t<span class=\"elementor-button-text\">Zuchtbuch<\/span>\n\t\t\t\t\t<\/span>\n\t\t\t\t\t<\/a>\n\t\t<\/div>\n\t\t\t\t<\/div>\n\t\t\t\t<\/div>\n\t\t\t\t\t<\/div>\n\t\t<\/div>\n\t\t\t\t<div class=\"elementor-column elementor-col-33 elementor-top-column elementor-element elementor-element-4017c08\" data-id=\"4017c08\" data-element_type=\"column\">\n\t\t\t<div class=\"elementor-widget-wrap elementor-element-populated\">\n\t\t\t\t\t\t<div class=\"elementor-element elementor-element-c084348 elementor-align-justify elementor-widget elementor-widget-button\" data-id=\"c084348\" data-element_type=\"widget\" data-widget_type=\"button.default\">\n\t\t\t\t<div class=\"elementor-widget-container\">\n\t\t\t\t\t<div class=\"elementor-button-wrapper\">\n\t\t\t<a class=\"elementor-button elementor-button-link elementor-size-xl\" href=\"https:\/\/www.fpzv-ev.de\/index.php\/events\/\">\n\t\t\t\t\t\t<span class=\"elementor-button-content-wrapper\">\n\t\t\t\t\t\t\t\t\t<span class=\"elementor-button-text\">Zuchtveranstaltungen<\/span>\n\t\t\t\t\t<\/span>\n\t\t\t\t\t<\/a>\n\t\t<\/div>\n\t\t\t\t<\/div>\n\t\t\t\t<\/div>\n\t\t\t\t\t<\/div>\n\t\t<\/div>\n\t\t\t\t\t<\/div>\n\t\t<\/section>\n\t\t\t\t<section class=\"elementor-section elementor-top-section elementor-element elementor-element-d1a1fb8 elementor-section-boxed elementor-section-height-default elementor-section-height-default\" data-id=\"d1a1fb8\" data-element_type=\"section\">\n\t\t\t\t\t\t<div class=\"elementor-container elementor-column-gap-default\">\n\t\t\t\t\t<div class=\"elementor-column elementor-col-100 elementor-top-column elementor-element elementor-element-d7a1cac\" data-id=\"d7a1cac\" data-element_type=\"column\">\n\t\t\t<div class=\"elementor-widget-wrap elementor-element-populated\">\n\t\t\t\t\t\t<div class=\"elementor-element elementor-element-77a6e50 elementor-widget elementor-widget-image\" data-id=\"77a6e50\" data-element_type=\"widget\" data-widget_type=\"image.default\">\n\t\t\t\t<div class=\"elementor-widget-container\">\n\t\t\t\t\t\t\t\t\t\t\t\t\t<img fetchpriority=\"high\" decoding=\"async\" width=\"1024\" height=\"603\" src=\"https:\/\/www.fpzv-ev.de\/wp-content\/uploads\/2018\/03\/RicardoTine-1024x603.jpg\" class=\"attachment-large size-large wp-image-557\" alt=\"\" srcset=\"https:\/\/www.fpzv-ev.de\/wp-content\/uploads\/2018\/03\/RicardoTine-1024x603.jpg 1024w, https:\/\/www.fpzv-ev.de\/wp-content\/uploads\/2018\/03\/RicardoTine-300x177.jpg 300w, https:\/\/www.fpzv-ev.de\/wp-content\/uploads\/2018\/03\/RicardoTine-768x453.jpg 768w\" sizes=\"(max-width: 1024px) 100vw, 1024px\" \/>\t\t\t\t\t\t\t\t\t\t\t\t\t<\/div>\n\t\t\t\t<\/div>\n\t\t\t\t\t<\/div>\n\t\t<\/div>\n\t\t\t\t\t<\/div>\n\t\t<\/section>\n\t\t\t\t<section class=\"elementor-section elementor-top-section elementor-element elementor-element-7b68b2b elementor-section-boxed elementor-section-height-default elementor-section-height-default\" data-id=\"7b68b2b\" data-element_type=\"section\">\n\t\t\t\t\t\t<div class=\"elementor-container elementor-column-gap-default\">\n\t\t\t\t\t<div class=\"elementor-column elementor-col-100 elementor-top-column elementor-element elementor-element-d6ff987\" data-id=\"d6ff987\" data-element_type=\"column\">\n\t\t\t<div class=\"elementor-widget-wrap elementor-element-populated\">\n\t\t\t\t\t\t<div class=\"elementor-element elementor-element-889ef40 elementor-widget elementor-widget-text-editor\" data-id=\"889ef40\" data-element_type=\"widget\" data-widget_type=\"text-editor.default\">\n\t\t\t\t<div class=\"elementor-widget-container\">\n\t\t\t\t\t\t\t<p>Auch wenn die Zuchtverb\u00e4nde immer intensiver Kontrollen und Vorschriften unterliegen, sind die Liebe zum Friesenpferd und die wertvolle z\u00fcchterische Arbeit die st\u00e4rksten Triebfedern f\u00fcr unser Tun.\u00a0<\/p><p>Der FPZV e.V. ist der einzige staatlich anerkannte Zuchtverband in Deutschland, der sich ausschlie\u00dflich dem Friesenpferd verschrieben hat. Wir bieten allen Friesenfreunden eine kompetente und engagierte Plattform f\u00fcr ihre Leidenschaft am Friesenpferd.<\/p>\t\t\t\t\t\t<\/div>\n\t\t\t\t<\/div>\n\t\t\t\t\t<\/div>\n\t\t<\/div>\n\t\t\t\t\t<\/div>\n\t\t<\/section>\n\t\t\t\t<\/div>\n\t\t","protected":false},"excerpt":{"rendered":"<p>Zweck des Zuchtverbandes ist die F\u00f6rderung der Zucht, Haltung und Verbreitung des klassischen Friesenpferdes niederl\u00e4ndischen Ursprungs in jeder geeigneten Weise guter Qualit\u00e4t und gutem Rassetyps nach den Bestimmungen der Satzung sowie des Zuchtprogramms. A.2 Zweck Der Zweck des FPZV e.V. gem\u00e4\u00df unserer Satzung. Die Tierzucht wird in Europa von nationalen und internationalen Gesetzen und Verordnungen &#8230; <a title=\"Friesenpferdezucht\" class=\"read-more\" href=\"https:\/\/www.fpzv-ev.de\/index.php\/friesenpferdezucht\/\" aria-label=\"Mehr bei Friesenpferdezucht\">Weiterlesen &#8230;<\/a><\/p>\n","protected":false},"author":2,"featured_media":0,"parent":0,"menu_order":0,"comment_status":"closed","ping_status":"closed","template":"","meta":{"generate_page_header":""},"_links":{"self":[{"href":"https:\/\/www.fpzv-ev.de\/index.php\/wp-json\/wp\/v2\/pages\/410"}],"collection":[{"href":"https:\/\/www.fpzv-ev.de\/index.php\/wp-json\/wp\/v2\/pages"}],"about":[{"href":"https:\/\/www.fpzv-ev.de\/index.php\/wp-json\/wp\/v2\/types\/page"}],"author":[{"embeddable":true,"href":"https:\/\/www.fpzv-ev.de\/index.php\/wp-json\/wp\/v2\/users\/2"}],"replies":[{"embeddable":true,"href":"https:\/\/www.fpzv-ev.de\/index.php\/wp-json\/wp\/v2\/comments?post=410"}],"version-history":[{"count":16,"href":"https:\/\/www.fpzv-ev.de\/index.php\/wp-json\/wp\/v2\/pages\/410\/revisions"}],"predecessor-version":[{"id":1803,"href":"https:\/\/www.fpzv-ev.de\/index.php\/wp-json\/wp\/v2\/pages\/410\/revisions\/1803"}],"wp:attachment":[{"href":"https:\/\/www.fpzv-ev.de\/index.php\/wp-json\/wp\/v2\/media?parent=410"}],"curies":[{"name":"wp","href":"https:\/\/api.w.org\/{rel}","templated":true}]}}