{"id":415,"date":"2018-03-20T17:53:33","date_gmt":"2018-03-20T17:53:33","guid":{"rendered":"https:\/\/www.fpzv-ev.de\/?page_id=415"},"modified":"2018-03-22T18:58:12","modified_gmt":"2018-03-22T18:58:12","slug":"zuchtwertschaetzung","status":"publish","type":"page","link":"https:\/\/www.fpzv-ev.de\/index.php\/friesenpferdezucht\/zuchtbuch\/zuchtwertschaetzung\/","title":{"rendered":"Zuchtwertsch\u00e4tzung"},"content":{"rendered":"\t\t<div data-elementor-type=\"wp-post\" data-elementor-id=\"415\" class=\"elementor elementor-415 elementor-bc-flex-widget\">\n\t\t\t\t\t\t<section class=\"elementor-section elementor-top-section elementor-element elementor-element-931b71f elementor-section-boxed elementor-section-height-default elementor-section-height-default\" data-id=\"931b71f\" data-element_type=\"section\">\n\t\t\t\t\t\t<div class=\"elementor-container elementor-column-gap-default\">\n\t\t\t\t\t<div class=\"elementor-column elementor-col-100 elementor-top-column elementor-element elementor-element-27677b3\" data-id=\"27677b3\" data-element_type=\"column\">\n\t\t\t<div class=\"elementor-widget-wrap elementor-element-populated\">\n\t\t\t\t\t\t<div class=\"elementor-element elementor-element-29e7a57 elementor-widget elementor-widget-text-editor\" data-id=\"29e7a57\" data-element_type=\"widget\" data-widget_type=\"text-editor.default\">\n\t\t\t\t<div class=\"elementor-widget-container\">\n\t\t\t\t\t\t\t<p><strong>Was ist ein Zuchtwert?<\/strong><br \/>Der Zuchtwert ist ein Zahlenwert f\u00fcr die Anwendung in der Zucht. Er beschreibt, welche Wirkung die Gene eines Tieres auf ein einzelnes Merkmal haben, wenn diese mit den Genen der anderen Tiere der Rasse kombiniert werden und durchschnittliche Umweltverh\u00e4ltnisse herrschen.\u00a0<br \/>Die aktuellen Merkmale in der FPZV-Zuchtwertsch\u00e4tzung:<\/p><ul><li>Typ<\/li><li>Exterieur (K\u00f6rperbau)<\/li><li>Bewegung<\/li><li>Gesamteindruck<\/li><\/ul><p><strong>Wie wird der Zuchtwert definiert ?<\/strong><\/p><ol><li>Der Zuchtwert ist ein Zahlenwert, er hat prim\u00e4r nichts mit wertvoll oder wertlos zu tun. Ein hoher Zuchtwert f\u00fcr &#8222;Gr\u00f6sse&#8220; besagt, dass die Gene des Tieres die Gr\u00f6\u00dfe verst\u00e4rken. Ein niedriger Zuchtwert f\u00fcr &#8222;Bewegung &#8220; sagt, dass die Gene f\u00fcr ein geringeres Bewegungspotenzial in der Nachzucht verantwortlich sind.<\/li><li>Der Zuchtwert ist ein Zahlenwert f\u00fcr jeweils ein Merkmal. Ein Tier hat z.B. Gene, welche die Gr\u00f6\u00dfe verst\u00e4rken, die Springanlage verringern, die Fruchtbarkeit reduzieren, den Typ rassetypisch belassen, den Raumgriff im Gang reduzieren usw. F\u00fcr jedes Merkmal kann die Wirkung der in diesem Pferd vorliegenden Erbanlagen verschieden sein. Es macht keinen Sinn, so etwas zu einem Gesamtzuchtwert zusammenzuz\u00e4hlen oder zu mitteln, etwa wie bei einem Wettkampf oder einer Leistungspr\u00fcfung.<\/li><li>Der Zuchtwert ist definiert als die Wirkung der Gene, wenn diese mit den Genen der anderen Tiere kombiniert werden. Das hei\u00dft konkret, dass nicht die Wirkung der Gene bei dem Tier selbst wichtig ist, sondern es interessiert vorrangig was passiert, wenn z.B. die Gene eines Hengstes mit den Genen der in der Rasse vorhandenen Stuten kombiniert werden. Von Interesse ist also, was in der n\u00e4chsten Generation durch dieses Zuchttier entsteht.<\/li><\/ol>\t\t\t\t\t\t<\/div>\n\t\t\t\t<\/div>\n\t\t\t\t\t<\/div>\n\t\t<\/div>\n\t\t\t\t\t<\/div>\n\t\t<\/section>\n\t\t\t\t<section class=\"elementor-section elementor-top-section elementor-element elementor-element-86b8f2b elementor-section-boxed elementor-section-height-default elementor-section-height-default\" data-id=\"86b8f2b\" data-element_type=\"section\">\n\t\t\t\t\t\t<div class=\"elementor-container elementor-column-gap-default\">\n\t\t\t\t\t<div class=\"elementor-column elementor-col-100 elementor-top-column elementor-element elementor-element-2794b8a\" data-id=\"2794b8a\" data-element_type=\"column\">\n\t\t\t<div class=\"elementor-widget-wrap elementor-element-populated\">\n\t\t\t\t\t\t<div class=\"elementor-element elementor-element-bd457f3 elementor-widget elementor-widget-image\" data-id=\"bd457f3\" data-element_type=\"widget\" data-widget_type=\"image.default\">\n\t\t\t\t<div class=\"elementor-widget-container\">\n\t\t\t\t\t\t\t\t\t\t\t\t\t<img fetchpriority=\"high\" decoding=\"async\" width=\"1024\" height=\"824\" src=\"https:\/\/www.fpzv-ev.de\/wp-content\/uploads\/2018\/03\/Lebensfreude-1024x824.jpg\" class=\"attachment-large size-large wp-image-672\" alt=\"\" srcset=\"https:\/\/www.fpzv-ev.de\/wp-content\/uploads\/2018\/03\/Lebensfreude-1024x824.jpg 1024w, https:\/\/www.fpzv-ev.de\/wp-content\/uploads\/2018\/03\/Lebensfreude-300x242.jpg 300w, https:\/\/www.fpzv-ev.de\/wp-content\/uploads\/2018\/03\/Lebensfreude-768x618.jpg 768w\" sizes=\"(max-width: 1024px) 100vw, 1024px\" \/>\t\t\t\t\t\t\t\t\t\t\t\t\t<\/div>\n\t\t\t\t<\/div>\n\t\t\t\t\t<\/div>\n\t\t<\/div>\n\t\t\t\t\t<\/div>\n\t\t<\/section>\n\t\t\t\t<\/div>\n\t\t","protected":false},"excerpt":{"rendered":"<p>Was ist ein Zuchtwert?Der Zuchtwert ist ein Zahlenwert f\u00fcr die Anwendung in der Zucht. Er beschreibt, welche Wirkung die Gene eines Tieres auf ein einzelnes Merkmal haben, wenn diese mit den Genen der anderen Tiere der Rasse kombiniert werden und durchschnittliche Umweltverh\u00e4ltnisse herrschen.\u00a0Die aktuellen Merkmale in der FPZV-Zuchtwertsch\u00e4tzung: Typ Exterieur (K\u00f6rperbau) Bewegung Gesamteindruck Wie wird &#8230; <a title=\"Zuchtwertsch\u00e4tzung\" class=\"read-more\" href=\"https:\/\/www.fpzv-ev.de\/index.php\/friesenpferdezucht\/zuchtbuch\/zuchtwertschaetzung\/\" aria-label=\"Mehr bei Zuchtwertsch\u00e4tzung\">Weiterlesen &#8230;<\/a><\/p>\n","protected":false},"author":2,"featured_media":0,"parent":442,"menu_order":0,"comment_status":"closed","ping_status":"closed","template":"","meta":{"generate_page_header":""},"_links":{"self":[{"href":"https:\/\/www.fpzv-ev.de\/index.php\/wp-json\/wp\/v2\/pages\/415"}],"collection":[{"href":"https:\/\/www.fpzv-ev.de\/index.php\/wp-json\/wp\/v2\/pages"}],"about":[{"href":"https:\/\/www.fpzv-ev.de\/index.php\/wp-json\/wp\/v2\/types\/page"}],"author":[{"embeddable":true,"href":"https:\/\/www.fpzv-ev.de\/index.php\/wp-json\/wp\/v2\/users\/2"}],"replies":[{"embeddable":true,"href":"https:\/\/www.fpzv-ev.de\/index.php\/wp-json\/wp\/v2\/comments?post=415"}],"version-history":[{"count":4,"href":"https:\/\/www.fpzv-ev.de\/index.php\/wp-json\/wp\/v2\/pages\/415\/revisions"}],"predecessor-version":[{"id":778,"href":"https:\/\/www.fpzv-ev.de\/index.php\/wp-json\/wp\/v2\/pages\/415\/revisions\/778"}],"up":[{"embeddable":true,"href":"https:\/\/www.fpzv-ev.de\/index.php\/wp-json\/wp\/v2\/pages\/442"}],"wp:attachment":[{"href":"https:\/\/www.fpzv-ev.de\/index.php\/wp-json\/wp\/v2\/media?parent=415"}],"curies":[{"name":"wp","href":"https:\/\/api.w.org\/{rel}","templated":true}]}}