{"id":427,"date":"2018-03-20T17:57:24","date_gmt":"2018-03-20T17:57:24","guid":{"rendered":"https:\/\/www.fpzv-ev.de\/?page_id=427"},"modified":"2021-01-27T12:44:04","modified_gmt":"2021-01-27T12:44:04","slug":"gesuche","status":"publish","type":"page","link":"https:\/\/www.fpzv-ev.de\/index.php\/friesenboerse\/gesuche\/","title":{"rendered":"Gesuche"},"content":{"rendered":"\n<p>Sie suchen Ihren Traumfriesen? Wir helfen Ihnen! Unsere Z\u00fcchter und Friesenpferd-Besitzer kennen sich aus und k\u00f6nnen Sie im Hinblick auf Ihre Suche unterst\u00fctzen. Wenn wir im FPZV-Kreis gerade keinen passenden Kandidaten f\u00fcr Sie haben, k\u00f6nnen unsere Mitglieder ihr Netzwerk optimal nutzen, um Sie schneller zu Ihrer ganz eigenen friesischen Perle zu bringen. Schreiben Sie uns, wir geben an dieser Stelle Ihr Gesuch auf und unterst\u00fctzen Sie mit wertvollen Tipps bei der Suche. Wir freuen uns auf Ihre Nachricht an: pr@fpzv-ev.de!<\/p>\n\n\n\n\n\n<figure class=\"wp-block-image size-large is-style-default\"><img fetchpriority=\"high\" decoding=\"async\" width=\"1024\" height=\"831\" src=\"https:\/\/www.fpzv-ev.de\/wp-content\/uploads\/2021\/01\/41d3d3bb-856b-49f1-9e97-97a89428c4ae-1024x831.jpg\" alt=\"\" class=\"wp-image-3631\" srcset=\"https:\/\/www.fpzv-ev.de\/wp-content\/uploads\/2021\/01\/41d3d3bb-856b-49f1-9e97-97a89428c4ae-1024x831.jpg 1024w, https:\/\/www.fpzv-ev.de\/wp-content\/uploads\/2021\/01\/41d3d3bb-856b-49f1-9e97-97a89428c4ae-300x243.jpg 300w, https:\/\/www.fpzv-ev.de\/wp-content\/uploads\/2021\/01\/41d3d3bb-856b-49f1-9e97-97a89428c4ae-768x623.jpg 768w, https:\/\/www.fpzv-ev.de\/wp-content\/uploads\/2021\/01\/41d3d3bb-856b-49f1-9e97-97a89428c4ae-1536x1246.jpg 1536w, https:\/\/www.fpzv-ev.de\/wp-content\/uploads\/2021\/01\/41d3d3bb-856b-49f1-9e97-97a89428c4ae.jpg 1600w\" sizes=\"(max-width: 1024px) 100vw, 1024px\" \/><\/figure>\n","protected":false},"excerpt":{"rendered":"<p>Sie suchen Ihren Traumfriesen? Wir helfen Ihnen! Unsere Z\u00fcchter und Friesenpferd-Besitzer kennen sich aus und k\u00f6nnen Sie im Hinblick auf Ihre Suche unterst\u00fctzen. Wenn wir im FPZV-Kreis gerade keinen passenden Kandidaten f\u00fcr Sie haben, k\u00f6nnen unsere Mitglieder ihr Netzwerk optimal nutzen, um Sie schneller zu Ihrer ganz eigenen friesischen Perle zu bringen. Schreiben Sie uns, &#8230; <a title=\"Gesuche\" class=\"read-more\" href=\"https:\/\/www.fpzv-ev.de\/index.php\/friesenboerse\/gesuche\/\" aria-label=\"Mehr bei Gesuche\">Weiterlesen &#8230;<\/a><\/p>\n","protected":false},"author":2,"featured_media":0,"parent":94,"menu_order":0,"comment_status":"closed","ping_status":"closed","template":"","meta":{"generate_page_header":""},"_links":{"self":[{"href":"https:\/\/www.fpzv-ev.de\/index.php\/wp-json\/wp\/v2\/pages\/427"}],"collection":[{"href":"https:\/\/www.fpzv-ev.de\/index.php\/wp-json\/wp\/v2\/pages"}],"about":[{"href":"https:\/\/www.fpzv-ev.de\/index.php\/wp-json\/wp\/v2\/types\/page"}],"author":[{"embeddable":true,"href":"https:\/\/www.fpzv-ev.de\/index.php\/wp-json\/wp\/v2\/users\/2"}],"replies":[{"embeddable":true,"href":"https:\/\/www.fpzv-ev.de\/index.php\/wp-json\/wp\/v2\/comments?post=427"}],"version-history":[{"count":6,"href":"https:\/\/www.fpzv-ev.de\/index.php\/wp-json\/wp\/v2\/pages\/427\/revisions"}],"predecessor-version":[{"id":3632,"href":"https:\/\/www.fpzv-ev.de\/index.php\/wp-json\/wp\/v2\/pages\/427\/revisions\/3632"}],"up":[{"embeddable":true,"href":"https:\/\/www.fpzv-ev.de\/index.php\/wp-json\/wp\/v2\/pages\/94"}],"wp:attachment":[{"href":"https:\/\/www.fpzv-ev.de\/index.php\/wp-json\/wp\/v2\/media?parent=427"}],"curies":[{"name":"wp","href":"https:\/\/api.w.org\/{rel}","templated":true}]}}