{"id":431,"date":"2018-03-20T17:59:43","date_gmt":"2018-03-20T17:59:43","guid":{"rendered":"https:\/\/www.fpzv-ev.de\/?page_id=431"},"modified":"2020-08-17T11:31:39","modified_gmt":"2020-08-17T11:31:39","slug":"zuchtschauen","status":"publish","type":"page","link":"https:\/\/www.fpzv-ev.de\/index.php\/friesenpferdezucht\/zuchtschauen\/","title":{"rendered":"Zuchtschauen"},"content":{"rendered":"\t\t<div data-elementor-type=\"wp-post\" data-elementor-id=\"431\" class=\"elementor elementor-431\">\n\t\t\t\t\t\t<section class=\"elementor-section elementor-top-section elementor-element elementor-element-960f85d elementor-section-boxed elementor-section-height-default elementor-section-height-default\" data-id=\"960f85d\" data-element_type=\"section\">\n\t\t\t\t\t\t<div class=\"elementor-container elementor-column-gap-default\">\n\t\t\t\t\t<div class=\"elementor-column elementor-col-100 elementor-top-column elementor-element elementor-element-6c5c76c\" data-id=\"6c5c76c\" data-element_type=\"column\">\n\t\t\t<div class=\"elementor-widget-wrap elementor-element-populated\">\n\t\t\t\t\t\t<div class=\"elementor-element elementor-element-e18e617 elementor-align-center elementor-widget elementor-widget-button\" data-id=\"e18e617\" data-element_type=\"widget\" data-widget_type=\"button.default\">\n\t\t\t\t<div class=\"elementor-widget-container\">\n\t\t\t\t\t<div class=\"elementor-button-wrapper\">\n\t\t\t<a class=\"elementor-button elementor-button-link elementor-size-lg\" href=\"https:\/\/www.fpzv-ev.de\/index.php\/events\/\">\n\t\t\t\t\t\t<span class=\"elementor-button-content-wrapper\">\n\t\t\t\t\t\t<span class=\"elementor-button-icon\">\n\t\t\t\t<i aria-hidden=\"true\" class=\"fas fa-arrow-right\"><\/i>\t\t\t<\/span>\n\t\t\t\t\t\t\t\t\t<span class=\"elementor-button-text\">Aktuelle TERMINE<\/span>\n\t\t\t\t\t<\/span>\n\t\t\t\t\t<\/a>\n\t\t<\/div>\n\t\t\t\t<\/div>\n\t\t\t\t<\/div>\n\t\t\t\t\t<\/div>\n\t\t<\/div>\n\t\t\t\t\t<\/div>\n\t\t<\/section>\n\t\t\t\t<section class=\"elementor-section elementor-top-section elementor-element elementor-element-199831e6 elementor-section-boxed elementor-section-height-default elementor-section-height-default\" data-id=\"199831e6\" data-element_type=\"section\">\n\t\t\t\t\t\t<div class=\"elementor-container elementor-column-gap-default\">\n\t\t\t\t\t<div class=\"elementor-column elementor-col-100 elementor-top-column elementor-element elementor-element-43cd5a36\" data-id=\"43cd5a36\" data-element_type=\"column\">\n\t\t\t<div class=\"elementor-widget-wrap elementor-element-populated\">\n\t\t\t\t\t\t<div class=\"elementor-element elementor-element-7df35d92 elementor-widget elementor-widget-heading\" data-id=\"7df35d92\" data-element_type=\"widget\" data-widget_type=\"heading.default\">\n\t\t\t\t<div class=\"elementor-widget-container\">\n\t\t\t<h2 class=\"elementor-heading-title elementor-size-default\">Zuchtschauen 2020<\/h2>\t\t<\/div>\n\t\t\t\t<\/div>\n\t\t\t\t\t<\/div>\n\t\t<\/div>\n\t\t\t\t\t<\/div>\n\t\t<\/section>\n\t\t\t\t<section class=\"elementor-section elementor-top-section elementor-element elementor-element-dbceb75 elementor-section-boxed elementor-section-height-default elementor-section-height-default\" data-id=\"dbceb75\" data-element_type=\"section\">\n\t\t\t\t\t\t<div class=\"elementor-container elementor-column-gap-default\">\n\t\t\t\t\t<div class=\"elementor-column elementor-col-100 elementor-top-column elementor-element elementor-element-a9ab021\" data-id=\"a9ab021\" data-element_type=\"column\">\n\t\t\t<div class=\"elementor-widget-wrap elementor-element-populated\">\n\t\t\t\t\t\t<div class=\"elementor-element elementor-element-05873e6 elementor-widget elementor-widget-text-editor\" data-id=\"05873e6\" data-element_type=\"widget\" data-widget_type=\"text-editor.default\">\n\t\t\t\t<div class=\"elementor-widget-container\">\n\t\t\t\t\t\t\t<p><strong>Die Durchf\u00fchrung der Zuchtschauen m\u00fcssen in diesem Jahr unter besonderer Ber\u00fccksichtigung der Hygiene- und Infektionsschutzma\u00dfnahmen erfolgen.<\/strong><\/p><p>Aus diesem Grund finden die Zuchtschauen in diesem Jahr ohne Zuschauer statt.<\/p><p>Informationen und Termine, auch als Hoftermin bei Ihnen vor Ort, erhalten Sie in der Gesch\u00e4ftsstelle.<\/p><p>Das Anmeldeformular finden Sie <a href=\"https:\/\/www.fpzv-ev.de\/wp-content\/uploads\/2020\/03\/Zuchtschauanmeldung_2020.pdf\" target=\"_blank\" rel=\"noopener\">hier<\/a>.<\/p>\t\t\t\t\t\t<\/div>\n\t\t\t\t<\/div>\n\t\t\t\t\t<\/div>\n\t\t<\/div>\n\t\t\t\t\t<\/div>\n\t\t<\/section>\n\t\t\t\t<section class=\"elementor-section elementor-top-section elementor-element elementor-element-b35c589 elementor-section-boxed elementor-section-height-default elementor-section-height-default\" data-id=\"b35c589\" data-element_type=\"section\">\n\t\t\t\t\t\t<div class=\"elementor-container elementor-column-gap-default\">\n\t\t\t\t\t<div class=\"elementor-column elementor-col-100 elementor-top-column elementor-element elementor-element-0ef84e7\" data-id=\"0ef84e7\" data-element_type=\"column\">\n\t\t\t<div class=\"elementor-widget-wrap elementor-element-populated\">\n\t\t\t\t\t\t<div class=\"elementor-element elementor-element-0cabe2b elementor-widget elementor-widget-image\" data-id=\"0cabe2b\" data-element_type=\"widget\" data-widget_type=\"image.default\">\n\t\t\t\t<div class=\"elementor-widget-container\">\n\t\t\t\t\t\t\t\t\t\t\t\t\t<img fetchpriority=\"high\" decoding=\"async\" width=\"1024\" height=\"724\" src=\"https:\/\/www.fpzv-ev.de\/wp-content\/uploads\/2018\/09\/Straelen-2018-AL7_9363a-1024x724.jpg\" class=\"attachment-large size-large wp-image-2060\" alt=\"\" srcset=\"https:\/\/www.fpzv-ev.de\/wp-content\/uploads\/2018\/09\/Straelen-2018-AL7_9363a-1024x724.jpg 1024w, https:\/\/www.fpzv-ev.de\/wp-content\/uploads\/2018\/09\/Straelen-2018-AL7_9363a-300x212.jpg 300w, https:\/\/www.fpzv-ev.de\/wp-content\/uploads\/2018\/09\/Straelen-2018-AL7_9363a-768x543.jpg 768w\" sizes=\"(max-width: 1024px) 100vw, 1024px\" \/>\t\t\t\t\t\t\t\t\t\t\t\t\t<\/div>\n\t\t\t\t<\/div>\n\t\t\t\t<div class=\"elementor-element elementor-element-a81b3a2 elementor-widget elementor-widget-image\" data-id=\"a81b3a2\" data-element_type=\"widget\" data-widget_type=\"image.default\">\n\t\t\t\t<div class=\"elementor-widget-container\">\n\t\t\t\t\t\t\t\t\t\t\t\t\t<img decoding=\"async\" width=\"1024\" height=\"683\" src=\"https:\/\/www.fpzv-ev.de\/wp-content\/uploads\/2018\/09\/Straelen-2018-AL7_9241-1024x683.jpg\" class=\"attachment-large size-large wp-image-2059\" alt=\"\" srcset=\"https:\/\/www.fpzv-ev.de\/wp-content\/uploads\/2018\/09\/Straelen-2018-AL7_9241-1024x683.jpg 1024w, https:\/\/www.fpzv-ev.de\/wp-content\/uploads\/2018\/09\/Straelen-2018-AL7_9241-300x200.jpg 300w, https:\/\/www.fpzv-ev.de\/wp-content\/uploads\/2018\/09\/Straelen-2018-AL7_9241-768x512.jpg 768w\" sizes=\"(max-width: 1024px) 100vw, 1024px\" \/>\t\t\t\t\t\t\t\t\t\t\t\t\t<\/div>\n\t\t\t\t<\/div>\n\t\t\t\t<div class=\"elementor-element elementor-element-2ac3145 elementor-widget elementor-widget-image\" data-id=\"2ac3145\" data-element_type=\"widget\" data-widget_type=\"image.default\">\n\t\t\t\t<div class=\"elementor-widget-container\">\n\t\t\t\t\t\t\t\t\t\t\t\t\t<img decoding=\"async\" width=\"1024\" height=\"683\" src=\"https:\/\/www.fpzv-ev.de\/wp-content\/uploads\/2018\/09\/Eilers-1024x683.jpg\" class=\"attachment-large size-large wp-image-1992\" alt=\"\" srcset=\"https:\/\/www.fpzv-ev.de\/wp-content\/uploads\/2018\/09\/Eilers-1024x683.jpg 1024w, https:\/\/www.fpzv-ev.de\/wp-content\/uploads\/2018\/09\/Eilers-300x200.jpg 300w, https:\/\/www.fpzv-ev.de\/wp-content\/uploads\/2018\/09\/Eilers-768x512.jpg 768w, https:\/\/www.fpzv-ev.de\/wp-content\/uploads\/2018\/09\/Eilers.jpg 2048w\" sizes=\"(max-width: 1024px) 100vw, 1024px\" \/>\t\t\t\t\t\t\t\t\t\t\t\t\t<\/div>\n\t\t\t\t<\/div>\n\t\t\t\t\t<\/div>\n\t\t<\/div>\n\t\t\t\t\t<\/div>\n\t\t<\/section>\n\t\t\t\t<\/div>\n\t\t","protected":false},"excerpt":{"rendered":"<p>Aktuelle TERMINE Zuchtschauen 2020 Die Durchf\u00fchrung der Zuchtschauen m\u00fcssen in diesem Jahr unter besonderer Ber\u00fccksichtigung der Hygiene- und Infektionsschutzma\u00dfnahmen erfolgen. Aus diesem Grund finden die Zuchtschauen in diesem Jahr ohne Zuschauer statt. Informationen und Termine, auch als Hoftermin bei Ihnen vor Ort, erhalten Sie in der Gesch\u00e4ftsstelle. Das Anmeldeformular finden Sie hier.<\/p>\n","protected":false},"author":2,"featured_media":0,"parent":410,"menu_order":0,"comment_status":"closed","ping_status":"closed","template":"","meta":{"generate_page_header":""},"_links":{"self":[{"href":"https:\/\/www.fpzv-ev.de\/index.php\/wp-json\/wp\/v2\/pages\/431"}],"collection":[{"href":"https:\/\/www.fpzv-ev.de\/index.php\/wp-json\/wp\/v2\/pages"}],"about":[{"href":"https:\/\/www.fpzv-ev.de\/index.php\/wp-json\/wp\/v2\/types\/page"}],"author":[{"embeddable":true,"href":"https:\/\/www.fpzv-ev.de\/index.php\/wp-json\/wp\/v2\/users\/2"}],"replies":[{"embeddable":true,"href":"https:\/\/www.fpzv-ev.de\/index.php\/wp-json\/wp\/v2\/comments?post=431"}],"version-history":[{"count":59,"href":"https:\/\/www.fpzv-ev.de\/index.php\/wp-json\/wp\/v2\/pages\/431\/revisions"}],"predecessor-version":[{"id":3574,"href":"https:\/\/www.fpzv-ev.de\/index.php\/wp-json\/wp\/v2\/pages\/431\/revisions\/3574"}],"up":[{"embeddable":true,"href":"https:\/\/www.fpzv-ev.de\/index.php\/wp-json\/wp\/v2\/pages\/410"}],"wp:attachment":[{"href":"https:\/\/www.fpzv-ev.de\/index.php\/wp-json\/wp\/v2\/media?parent=431"}],"curies":[{"name":"wp","href":"https:\/\/api.w.org\/{rel}","templated":true}]}}