{"id":442,"date":"2018-03-20T18:14:14","date_gmt":"2018-03-20T18:14:14","guid":{"rendered":"https:\/\/www.fpzv-ev.de\/?page_id=442"},"modified":"2023-09-16T10:46:28","modified_gmt":"2023-09-16T10:46:28","slug":"zuchtbuch","status":"publish","type":"page","link":"https:\/\/www.fpzv-ev.de\/index.php\/friesenpferdezucht\/zuchtbuch\/","title":{"rendered":"Zuchtbuch"},"content":{"rendered":"\t\t<div data-elementor-type=\"wp-post\" data-elementor-id=\"442\" class=\"elementor elementor-442\">\n\t\t\t\t\t\t<section class=\"elementor-section elementor-top-section elementor-element elementor-element-a7215e9 elementor-section-boxed elementor-section-height-default elementor-section-height-default\" data-id=\"a7215e9\" data-element_type=\"section\">\n\t\t\t\t\t\t<div class=\"elementor-container elementor-column-gap-default\">\n\t\t\t\t\t<div class=\"elementor-column elementor-col-50 elementor-top-column elementor-element elementor-element-3a1c955\" data-id=\"3a1c955\" data-element_type=\"column\">\n\t\t\t<div class=\"elementor-widget-wrap elementor-element-populated\">\n\t\t\t\t\t\t<div class=\"elementor-element elementor-element-eaead8a elementor-widget elementor-widget-image\" data-id=\"eaead8a\" data-element_type=\"widget\" data-widget_type=\"image.default\">\n\t\t\t\t<div class=\"elementor-widget-container\">\n\t\t\t\t\t\t\t\t\t\t\t\t\t<img fetchpriority=\"high\" decoding=\"async\" width=\"768\" height=\"653\" src=\"https:\/\/www.fpzv-ev.de\/wp-content\/uploads\/2023\/09\/Zahra-S_Zuchtschau-Geldern-2023-768x653.png\" class=\"attachment-medium_large size-medium_large wp-image-5474\" alt=\"\" srcset=\"https:\/\/www.fpzv-ev.de\/wp-content\/uploads\/2023\/09\/Zahra-S_Zuchtschau-Geldern-2023-768x653.png 768w, https:\/\/www.fpzv-ev.de\/wp-content\/uploads\/2023\/09\/Zahra-S_Zuchtschau-Geldern-2023-300x255.png 300w, https:\/\/www.fpzv-ev.de\/wp-content\/uploads\/2023\/09\/Zahra-S_Zuchtschau-Geldern-2023-1024x871.png 1024w, https:\/\/www.fpzv-ev.de\/wp-content\/uploads\/2023\/09\/Zahra-S_Zuchtschau-Geldern-2023.png 1181w\" sizes=\"(max-width: 768px) 100vw, 768px\" \/>\t\t\t\t\t\t\t\t\t\t\t\t\t<\/div>\n\t\t\t\t<\/div>\n\t\t\t\t\t<\/div>\n\t\t<\/div>\n\t\t\t\t<div class=\"elementor-column elementor-col-50 elementor-top-column elementor-element elementor-element-fb4ebda\" data-id=\"fb4ebda\" data-element_type=\"column\">\n\t\t\t<div class=\"elementor-widget-wrap elementor-element-populated\">\n\t\t\t\t\t\t<div class=\"elementor-element elementor-element-04bf0d9 elementor-widget elementor-widget-text-editor\" data-id=\"04bf0d9\" data-element_type=\"widget\" data-widget_type=\"text-editor.default\">\n\t\t\t\t<div class=\"elementor-widget-container\">\n\t\t\t\t\t\t\t<p>Unser <span style=\"color: #993300;\"><strong>Zuchtbuch<\/strong><\/span> beinhaltet verschiedene B\u00fccher f\u00fcr Stuten, Hengste, Fohlen und Wallache. In ihnen spiegelt sich die Entwicklung unserer Zuchtbem\u00fchungen wider.\u00a0<\/p>\t\t\t\t\t\t<\/div>\n\t\t\t\t<\/div>\n\t\t\t\t\t<\/div>\n\t\t<\/div>\n\t\t\t\t\t<\/div>\n\t\t<\/section>\n\t\t\t\t<section class=\"elementor-section elementor-top-section elementor-element elementor-element-f530364 elementor-section-boxed elementor-section-height-default elementor-section-height-default\" data-id=\"f530364\" data-element_type=\"section\">\n\t\t\t\t\t\t<div class=\"elementor-container elementor-column-gap-default\">\n\t\t\t\t\t<div class=\"elementor-column elementor-col-50 elementor-top-column elementor-element elementor-element-562b526\" data-id=\"562b526\" data-element_type=\"column\">\n\t\t\t<div class=\"elementor-widget-wrap elementor-element-populated\">\n\t\t\t\t\t\t<div class=\"elementor-element elementor-element-b5c605b elementor-widget elementor-widget-image\" data-id=\"b5c605b\" data-element_type=\"widget\" data-widget_type=\"image.default\">\n\t\t\t\t<div class=\"elementor-widget-container\">\n\t\t\t\t\t\t\t\t\t\t\t\t\t\t<a href=\"https:\/\/www.fpzv-ev.de\/index.php\/friesenpferdezucht\/zuchtbuch\/fpzv-hengste\/\" target=\"_blank\">\n\t\t\t\t\t\t\t<img decoding=\"async\" width=\"1024\" height=\"971\" src=\"https:\/\/www.fpzv-ev.de\/wp-content\/uploads\/2018\/03\/FeddemitSch\u00e4rpe-1024x971.jpg\" class=\"elementor-animation-pulse attachment-large size-large wp-image-378\" alt=\"\" srcset=\"https:\/\/www.fpzv-ev.de\/wp-content\/uploads\/2018\/03\/FeddemitSch\u00e4rpe-1024x971.jpg 1024w, https:\/\/www.fpzv-ev.de\/wp-content\/uploads\/2018\/03\/FeddemitSch\u00e4rpe-300x285.jpg 300w, https:\/\/www.fpzv-ev.de\/wp-content\/uploads\/2018\/03\/FeddemitSch\u00e4rpe-768x728.jpg 768w, https:\/\/www.fpzv-ev.de\/wp-content\/uploads\/2018\/03\/FeddemitSch\u00e4rpe.jpg 1626w\" sizes=\"(max-width: 1024px) 100vw, 1024px\" \/>\t\t\t\t\t\t\t\t<\/a>\n\t\t\t\t\t\t\t\t\t\t\t\t\t<\/div>\n\t\t\t\t<\/div>\n\t\t\t\t\t<\/div>\n\t\t<\/div>\n\t\t\t\t<div class=\"elementor-column elementor-col-50 elementor-top-column elementor-element elementor-element-a65f7bd\" data-id=\"a65f7bd\" data-element_type=\"column\">\n\t\t\t<div class=\"elementor-widget-wrap elementor-element-populated\">\n\t\t\t\t\t\t<div class=\"elementor-element elementor-element-ad77453 elementor-widget elementor-widget-text-editor\" data-id=\"ad77453\" data-element_type=\"widget\" data-widget_type=\"text-editor.default\">\n\t\t\t\t<div class=\"elementor-widget-container\">\n\t\t\t\t\t\t\t<p>F\u00fcr viele Menschen sind <a href=\"https:\/\/www.fpzv-ev.de\/index.php\/friesenpferdezucht\/zuchtbuch\/fpzv-hengste\/\" target=\"_blank\" rel=\"noopener\" data-wplink-edit=\"true\"><strong><span style=\"color: #800000;\">Friesenhengste<\/span><\/strong><\/a> ein unvergleichlicher Ausdruck von Sch\u00f6nheit, Kraft und Eleganz. Wir teilen diese Meinung und <a href=\"https:\/\/www.fpzv-ev.de\/index.php\/friesenpferdezucht\/zuchtbuch\/fpzv-hengste\/\" target=\"_blank\" rel=\"noopener\">HIER<\/a> k\u00f6nnen Sie alle unsere gek\u00f6rten Hengste des <a href=\"https:\/\/www.fpzv-ev.de\/index.php\/friesenpferdezucht\/zuchtbuch\/fpzv-hengste\/\" target=\"_blank\" rel=\"noopener\"><span style=\"color: #800000;\"><strong>Hengstbuches I<\/strong> <\/span><\/a>ansehen und erste Informationen sammeln.<\/p>\t\t\t\t\t\t<\/div>\n\t\t\t\t<\/div>\n\t\t\t\t\t<\/div>\n\t\t<\/div>\n\t\t\t\t\t<\/div>\n\t\t<\/section>\n\t\t\t\t<section class=\"elementor-section elementor-top-section elementor-element elementor-element-6fc1ba7 elementor-section-boxed elementor-section-height-default elementor-section-height-default\" data-id=\"6fc1ba7\" data-element_type=\"section\">\n\t\t\t\t\t\t<div class=\"elementor-container elementor-column-gap-default\">\n\t\t\t\t\t<div class=\"elementor-column elementor-col-50 elementor-top-column elementor-element elementor-element-2743955\" data-id=\"2743955\" data-element_type=\"column\">\n\t\t\t<div class=\"elementor-widget-wrap elementor-element-populated\">\n\t\t\t\t\t\t<div class=\"elementor-element elementor-element-cd18b92 elementor-view-default elementor-widget elementor-widget-icon\" data-id=\"cd18b92\" data-element_type=\"widget\" data-widget_type=\"icon.default\">\n\t\t\t\t<div class=\"elementor-widget-container\">\n\t\t\t\t\t<div class=\"elementor-icon-wrapper\">\n\t\t\t<a class=\"elementor-icon elementor-animation-pulse-grow\" href=\"https:\/\/www.fpzv-ev.de\/index.php\/friesenpferdezucht\/zuchtbuch\/zuchtwertschaetzung\">\n\t\t\t<i aria-hidden=\"true\" class=\"far fa-check-circle\"><\/i>\t\t\t<\/a>\n\t\t<\/div>\n\t\t\t\t<\/div>\n\t\t\t\t<\/div>\n\t\t\t\t\t<\/div>\n\t\t<\/div>\n\t\t\t\t<div class=\"elementor-column elementor-col-50 elementor-top-column elementor-element elementor-element-d13aa9a\" data-id=\"d13aa9a\" data-element_type=\"column\">\n\t\t\t<div class=\"elementor-widget-wrap elementor-element-populated\">\n\t\t\t\t\t\t<div class=\"elementor-element elementor-element-2f0b81e elementor-widget elementor-widget-text-editor\" data-id=\"2f0b81e\" data-element_type=\"widget\" data-widget_type=\"text-editor.default\">\n\t\t\t\t<div class=\"elementor-widget-container\">\n\t\t\t\t\t\t\t<p>Aus unserem Herdbuch l\u00e4sst sich auch ein Zuchtwert f\u00fcr jedes Tier ableiten. Diese <strong><span style=\"color: #800000;\">Zuchtwertsch\u00e4tzung<\/span><\/strong> wird in unserem Verband kontinuierlich durchgef\u00fchrt, um unseren Z\u00fcchtern Hilfen an die Hand zu geben, die Anpaarungen ihrer Friesenpferde im Ergebnis einsch\u00e4tzen zu k\u00f6nnen. Wenn Sie dieses Thema interessiert k\u00f6nnen Sie <a href=\"https:\/\/www.fpzv-ev.de\/index.php\/friesenpferdezucht\/zuchtbuch\/zuchtwertschaetzung\/\" target=\"_blank\" rel=\"noopener\">HIER<\/a> weiter lesen.<\/p>\t\t\t\t\t\t<\/div>\n\t\t\t\t<\/div>\n\t\t\t\t\t<\/div>\n\t\t<\/div>\n\t\t\t\t\t<\/div>\n\t\t<\/section>\n\t\t\t\t<section class=\"elementor-section elementor-top-section elementor-element elementor-element-54d2ad9 elementor-section-boxed elementor-section-height-default elementor-section-height-default\" data-id=\"54d2ad9\" data-element_type=\"section\">\n\t\t\t\t\t\t<div class=\"elementor-container elementor-column-gap-default\">\n\t\t\t\t\t<div class=\"elementor-column elementor-col-50 elementor-top-column elementor-element elementor-element-2a73af0\" data-id=\"2a73af0\" data-element_type=\"column\">\n\t\t\t<div class=\"elementor-widget-wrap elementor-element-populated\">\n\t\t\t\t\t\t<div class=\"elementor-element elementor-element-b427d93 elementor-widget elementor-widget-image\" data-id=\"b427d93\" data-element_type=\"widget\" data-widget_type=\"image.default\">\n\t\t\t\t<div class=\"elementor-widget-container\">\n\t\t\t\t\t\t\t\t\t\t\t\t\t\t<a href=\"https:\/\/www.fpzv-ev.de\/index.php\/friesenpferdezucht\/zuchtbuch\/zuchtbuch-faq\/\">\n\t\t\t\t\t\t\t<img decoding=\"async\" width=\"150\" height=\"169\" src=\"https:\/\/www.fpzv-ev.de\/wp-content\/uploads\/2018\/03\/Plakette-schwarz-1.png\" class=\"elementor-animation-pulse-shrink attachment-large size-large wp-image-765\" alt=\"\" \/>\t\t\t\t\t\t\t\t<\/a>\n\t\t\t\t\t\t\t\t\t\t\t\t\t<\/div>\n\t\t\t\t<\/div>\n\t\t\t\t\t<\/div>\n\t\t<\/div>\n\t\t\t\t<div class=\"elementor-column elementor-col-50 elementor-top-column elementor-element elementor-element-271e4b1\" data-id=\"271e4b1\" data-element_type=\"column\">\n\t\t\t<div class=\"elementor-widget-wrap elementor-element-populated\">\n\t\t\t\t\t\t<div class=\"elementor-element elementor-element-1659a6c elementor-widget elementor-widget-text-editor\" data-id=\"1659a6c\" data-element_type=\"widget\" data-widget_type=\"text-editor.default\">\n\t\t\t\t<div class=\"elementor-widget-container\">\n\t\t\t\t\t\t\t<p>Der FPZV e.V. erfasst seit 1988 alle Daten zu den bei uns registrierten Tieren und so haben sich bis heute neue M\u00f6glichkeiten entwickelt, unsere Zuchtarbeit mit fundiertem Wissen und wissenschaftlichen Methoden zu unterst\u00fctzen. Als Mitglied haben Sie kostenlos Zugriff auf alle Zuchtdaten, die wir bis heute sammeln konnten. Schauen Sie sich unser <strong><span style=\"color: #800000;\">Zuchtbuch online<\/span><\/strong><a href=\"https:\/\/www.fpzv-ev.de\/index.php\/friesenpferdezucht\/zuchtbuch\/zuchtbuch-faq\/\" data-wplink-edit=\"true\"> HIER<\/a> an.<\/p>\t\t\t\t\t\t<\/div>\n\t\t\t\t<\/div>\n\t\t\t\t\t<\/div>\n\t\t<\/div>\n\t\t\t\t\t<\/div>\n\t\t<\/section>\n\t\t\t\t<\/div>\n\t\t","protected":false},"excerpt":{"rendered":"<p>Unser Zuchtbuch beinhaltet verschiedene B\u00fccher f\u00fcr Stuten, Hengste, Fohlen und Wallache. In ihnen spiegelt sich die Entwicklung unserer Zuchtbem\u00fchungen wider.\u00a0 F\u00fcr viele Menschen sind Friesenhengste ein unvergleichlicher Ausdruck von Sch\u00f6nheit, Kraft und Eleganz. Wir teilen diese Meinung und HIER k\u00f6nnen Sie alle unsere gek\u00f6rten Hengste des Hengstbuches I ansehen und erste Informationen sammeln. Aus unserem &#8230; <a title=\"Zuchtbuch\" class=\"read-more\" href=\"https:\/\/www.fpzv-ev.de\/index.php\/friesenpferdezucht\/zuchtbuch\/\" aria-label=\"Mehr bei Zuchtbuch\">Weiterlesen &#8230;<\/a><\/p>\n","protected":false},"author":2,"featured_media":0,"parent":410,"menu_order":0,"comment_status":"closed","ping_status":"closed","template":"","meta":{"generate_page_header":""},"_links":{"self":[{"href":"https:\/\/www.fpzv-ev.de\/index.php\/wp-json\/wp\/v2\/pages\/442"}],"collection":[{"href":"https:\/\/www.fpzv-ev.de\/index.php\/wp-json\/wp\/v2\/pages"}],"about":[{"href":"https:\/\/www.fpzv-ev.de\/index.php\/wp-json\/wp\/v2\/types\/page"}],"author":[{"embeddable":true,"href":"https:\/\/www.fpzv-ev.de\/index.php\/wp-json\/wp\/v2\/users\/2"}],"replies":[{"embeddable":true,"href":"https:\/\/www.fpzv-ev.de\/index.php\/wp-json\/wp\/v2\/comments?post=442"}],"version-history":[{"count":28,"href":"https:\/\/www.fpzv-ev.de\/index.php\/wp-json\/wp\/v2\/pages\/442\/revisions"}],"predecessor-version":[{"id":5598,"href":"https:\/\/www.fpzv-ev.de\/index.php\/wp-json\/wp\/v2\/pages\/442\/revisions\/5598"}],"up":[{"embeddable":true,"href":"https:\/\/www.fpzv-ev.de\/index.php\/wp-json\/wp\/v2\/pages\/410"}],"wp:attachment":[{"href":"https:\/\/www.fpzv-ev.de\/index.php\/wp-json\/wp\/v2\/media?parent=442"}],"curies":[{"name":"wp","href":"https:\/\/api.w.org\/{rel}","templated":true}]}}