{"id":52,"date":"2018-03-15T16:08:11","date_gmt":"2018-03-15T16:08:11","guid":{"rendered":"https:\/\/www.fpzv-ev.de\/?page_id=52"},"modified":"2022-03-14T11:06:07","modified_gmt":"2022-03-14T11:06:07","slug":"das-friesenpferd","status":"publish","type":"page","link":"https:\/\/www.fpzv-ev.de\/index.php\/das-friesenpferd\/","title":{"rendered":"Das Friesenpferd"},"content":{"rendered":"\t\t<div data-elementor-type=\"wp-post\" data-elementor-id=\"52\" class=\"elementor elementor-52\">\n\t\t\t\t\t\t<section class=\"elementor-section elementor-top-section elementor-element elementor-element-c57e3ba elementor-section-boxed elementor-section-height-default elementor-section-height-default\" data-id=\"c57e3ba\" data-element_type=\"section\">\n\t\t\t\t\t\t<div class=\"elementor-container elementor-column-gap-default\">\n\t\t\t\t\t<div class=\"elementor-column elementor-col-100 elementor-top-column elementor-element elementor-element-d231c86\" data-id=\"d231c86\" data-element_type=\"column\">\n\t\t\t<div class=\"elementor-widget-wrap elementor-element-populated\">\n\t\t\t\t\t\t<div class=\"elementor-element elementor-element-c305222 elementor-widget elementor-widget-image\" data-id=\"c305222\" data-element_type=\"widget\" data-widget_type=\"image.default\">\n\t\t\t\t<div class=\"elementor-widget-container\">\n\t\t\t\t\t\t\t\t\t\t\t\t\t<img fetchpriority=\"high\" decoding=\"async\" width=\"1024\" height=\"731\" src=\"https:\/\/www.fpzv-ev.de\/wp-content\/uploads\/2018\/06\/Stuten_Fohlen_b-1024x731.jpg\" class=\"attachment-large size-large wp-image-1902\" alt=\"\" srcset=\"https:\/\/www.fpzv-ev.de\/wp-content\/uploads\/2018\/06\/Stuten_Fohlen_b-1024x731.jpg 1024w, https:\/\/www.fpzv-ev.de\/wp-content\/uploads\/2018\/06\/Stuten_Fohlen_b-300x214.jpg 300w, https:\/\/www.fpzv-ev.de\/wp-content\/uploads\/2018\/06\/Stuten_Fohlen_b-768x548.jpg 768w\" sizes=\"(max-width: 1024px) 100vw, 1024px\" \/>\t\t\t\t\t\t\t\t\t\t\t\t\t<\/div>\n\t\t\t\t<\/div>\n\t\t\t\t<div class=\"elementor-element elementor-element-6adcfce elementor-widget elementor-widget-text-editor\" data-id=\"6adcfce\" data-element_type=\"widget\" data-widget_type=\"text-editor.default\">\n\t\t\t\t<div class=\"elementor-widget-container\">\n\t\t\t\t\t\t\t<p>Sie tr\u00e4umen schon immer von einem Friesenpferd als Freizeitpartner und wollen sich \u00fcber die Geschichte dieser alten und majest\u00e4tischen Pferderasse informieren? Dann sind Sie an dieser Stelle genau richtig. Unter dem Men\u00fcpunkt &#8222;Das Friesenpferd&#8220; informieren wir Sie \u00fcber die <a href=\"https:\/\/www.fpzv-ev.de\/index.php\/das-friesenpferd\/der-friese-ein-gutmuetiges-ausdauerndes-charakterpferd\/\">Entstehungsgeschichte<\/a> der Rasse &#8222;Friesenpferd&#8220;. Wir erkl\u00e4ren Ihnen, auf welche typischen <a href=\"https:\/\/www.fpzv-ev.de\/index.php\/das-friesenpferd\/merkmale\/\">Merkmale<\/a> unsere Zuchtrichter bei der Beurteilung der Pferde achten. Und nach welchen <a href=\"https:\/\/www.fpzv-ev.de\/index.php\/das-friesenpferd\/anfangsbuchstaben-fohlennamen\/\">Regeln<\/a>, die Pferde benannt werden. Klicken Sie sich durch die einzelnen Unterpunkte und erfahren Sie mehr \u00fcber die &#8222;Schwarzen Perlen aus Friesland&#8220;.<\/p>\t\t\t\t\t\t<\/div>\n\t\t\t\t<\/div>\n\t\t\t\t\t<\/div>\n\t\t<\/div>\n\t\t\t\t\t<\/div>\n\t\t<\/section>\n\t\t\t\t<\/div>\n\t\t","protected":false},"excerpt":{"rendered":"<p>Sie tr\u00e4umen schon immer von einem Friesenpferd als Freizeitpartner und wollen sich \u00fcber die Geschichte dieser alten und majest\u00e4tischen Pferderasse informieren? Dann sind Sie an dieser Stelle genau richtig. Unter dem Men\u00fcpunkt &#8222;Das Friesenpferd&#8220; informieren wir Sie \u00fcber die Entstehungsgeschichte der Rasse &#8222;Friesenpferd&#8220;. Wir erkl\u00e4ren Ihnen, auf welche typischen Merkmale unsere Zuchtrichter bei der Beurteilung &#8230; <a title=\"Das Friesenpferd\" class=\"read-more\" href=\"https:\/\/www.fpzv-ev.de\/index.php\/das-friesenpferd\/\" aria-label=\"Mehr bei Das Friesenpferd\">Weiterlesen &#8230;<\/a><\/p>\n","protected":false},"author":2,"featured_media":0,"parent":0,"menu_order":0,"comment_status":"closed","ping_status":"closed","template":"","meta":{"generate_page_header":""},"_links":{"self":[{"href":"https:\/\/www.fpzv-ev.de\/index.php\/wp-json\/wp\/v2\/pages\/52"}],"collection":[{"href":"https:\/\/www.fpzv-ev.de\/index.php\/wp-json\/wp\/v2\/pages"}],"about":[{"href":"https:\/\/www.fpzv-ev.de\/index.php\/wp-json\/wp\/v2\/types\/page"}],"author":[{"embeddable":true,"href":"https:\/\/www.fpzv-ev.de\/index.php\/wp-json\/wp\/v2\/users\/2"}],"replies":[{"embeddable":true,"href":"https:\/\/www.fpzv-ev.de\/index.php\/wp-json\/wp\/v2\/comments?post=52"}],"version-history":[{"count":15,"href":"https:\/\/www.fpzv-ev.de\/index.php\/wp-json\/wp\/v2\/pages\/52\/revisions"}],"predecessor-version":[{"id":3950,"href":"https:\/\/www.fpzv-ev.de\/index.php\/wp-json\/wp\/v2\/pages\/52\/revisions\/3950"}],"wp:attachment":[{"href":"https:\/\/www.fpzv-ev.de\/index.php\/wp-json\/wp\/v2\/media?parent=52"}],"curies":[{"name":"wp","href":"https:\/\/api.w.org\/{rel}","templated":true}]}}