{"id":6560,"date":"2026-03-21T11:57:18","date_gmt":"2026-03-21T11:57:18","guid":{"rendered":"https:\/\/www.fpzv-ev.de\/?page_id=6560"},"modified":"2026-03-21T12:09:14","modified_gmt":"2026-03-21T12:09:14","slug":"reinder-vt-hop-p-h","status":"publish","type":"page","link":"https:\/\/www.fpzv-ev.de\/index.php\/friesenpferdezucht\/zuchtbuch\/fpzv-hengste\/reinder-vt-hop-p-h\/","title":{"rendered":"Reinder v&#8217;t Hop P. H."},"content":{"rendered":"\t\t<div data-elementor-type=\"wp-page\" data-elementor-id=\"6560\" class=\"elementor elementor-6560\">\n\t\t\t\t\t\t<section class=\"elementor-section elementor-top-section elementor-element elementor-element-1c4d6d9 elementor-section-boxed elementor-section-height-default elementor-section-height-default\" data-id=\"1c4d6d9\" data-element_type=\"section\">\n\t\t\t\t\t\t<div class=\"elementor-container elementor-column-gap-default\">\n\t\t\t\t\t<div class=\"elementor-column elementor-col-50 elementor-top-column elementor-element elementor-element-3b2376e\" data-id=\"3b2376e\" data-element_type=\"column\">\n\t\t\t<div class=\"elementor-widget-wrap elementor-element-populated\">\n\t\t\t\t\t\t<div class=\"elementor-element elementor-element-59601a9 elementor-widget elementor-widget-text-editor\" data-id=\"59601a9\" data-element_type=\"widget\" data-widget_type=\"text-editor.default\">\n\t\t\t\t<div class=\"elementor-widget-container\">\n\t\t\t\t\t\t\t<p><strong>Geboren:<\/strong> 08. Juni 1989; <strong>Verstorben:<\/strong> 2015<\/p><p><strong>K\u00f6rung:<\/strong> 1992 FPZV<br \/><strong>WN:<\/strong> 8,3<\/p>\t\t\t\t\t\t<\/div>\n\t\t\t\t<\/div>\n\t\t\t\t\t<\/div>\n\t\t<\/div>\n\t\t\t\t<div class=\"elementor-column elementor-col-50 elementor-top-column elementor-element elementor-element-b839e9b\" data-id=\"b839e9b\" data-element_type=\"column\">\n\t\t\t<div class=\"elementor-widget-wrap elementor-element-populated\">\n\t\t\t\t\t\t<div class=\"elementor-element elementor-element-e9b4657 elementor-widget elementor-widget-text-editor\" data-id=\"e9b4657\" data-element_type=\"widget\" data-widget_type=\"text-editor.default\">\n\t\t\t\t<div class=\"elementor-widget-container\">\n\t\t\t\t\t\t\t<p><strong>Gr\u00f6\u00dfe:<\/strong> 162 cm<\/p><p><strong>HLP:<\/strong> 1992, FPZV, Dillenburg<br \/><strong>WN:<\/strong> 8,22<\/p>\t\t\t\t\t\t<\/div>\n\t\t\t\t<\/div>\n\t\t\t\t\t<\/div>\n\t\t<\/div>\n\t\t\t\t\t<\/div>\n\t\t<\/section>\n\t\t\t\t<section class=\"elementor-section elementor-top-section elementor-element elementor-element-3e7af9b elementor-section-boxed elementor-section-height-default elementor-section-height-default\" data-id=\"3e7af9b\" data-element_type=\"section\">\n\t\t\t\t\t\t<div class=\"elementor-container elementor-column-gap-default\">\n\t\t\t\t\t<div class=\"elementor-column elementor-col-100 elementor-top-column elementor-element elementor-element-52f7f61\" data-id=\"52f7f61\" data-element_type=\"column\">\n\t\t\t<div class=\"elementor-widget-wrap elementor-element-populated\">\n\t\t\t\t\t\t<div class=\"elementor-element elementor-element-a0d2d49 elementor-widget elementor-widget-image\" data-id=\"a0d2d49\" data-element_type=\"widget\" data-widget_type=\"image.default\">\n\t\t\t\t<div class=\"elementor-widget-container\">\n\t\t\t\t\t\t\t\t\t\t\t\t\t<img fetchpriority=\"high\" decoding=\"async\" width=\"1024\" height=\"688\" src=\"https:\/\/www.fpzv-ev.de\/wp-content\/uploads\/2018\/03\/PG-Reinder-1024x688.png\" class=\"attachment-large size-large wp-image-1591\" alt=\"\" srcset=\"https:\/\/www.fpzv-ev.de\/wp-content\/uploads\/2018\/03\/PG-Reinder-1024x688.png 1024w, https:\/\/www.fpzv-ev.de\/wp-content\/uploads\/2018\/03\/PG-Reinder-300x202.png 300w, https:\/\/www.fpzv-ev.de\/wp-content\/uploads\/2018\/03\/PG-Reinder-768x516.png 768w, https:\/\/www.fpzv-ev.de\/wp-content\/uploads\/2018\/03\/PG-Reinder.png 1088w\" sizes=\"(max-width: 1024px) 100vw, 1024px\" \/>\t\t\t\t\t\t\t\t\t\t\t\t\t<\/div>\n\t\t\t\t<\/div>\n\t\t\t\t\t<\/div>\n\t\t<\/div>\n\t\t\t\t\t<\/div>\n\t\t<\/section>\n\t\t\t\t<section class=\"elementor-section elementor-top-section elementor-element elementor-element-2c1270c elementor-section-boxed elementor-section-height-default elementor-section-height-default\" data-id=\"2c1270c\" data-element_type=\"section\">\n\t\t\t\t\t\t<div class=\"elementor-container elementor-column-gap-default\">\n\t\t\t\t\t<div class=\"elementor-column elementor-col-100 elementor-top-column elementor-element elementor-element-6493a97\" data-id=\"6493a97\" data-element_type=\"column\">\n\t\t\t<div class=\"elementor-widget-wrap elementor-element-populated\">\n\t\t\t\t\t\t<div class=\"elementor-element elementor-element-1103348 elementor-widget elementor-widget-text-editor\" data-id=\"1103348\" data-element_type=\"widget\" data-widget_type=\"text-editor.default\">\n\t\t\t\t<div class=\"elementor-widget-container\">\n\t\t\t\t\t\t\t<p class=\"bold11 Stil18\" align=\"justify\">Reinder war ein markanter Friesenhengst mit vollem Behang. Er stammt aus der selten gewordenen Age-Linie und ist daher f\u00fcr die Zucht besonders interessant.<\/p><p class=\"bold11 Stil18\" align=\"justify\">Auszeichnend f\u00fcr ihn\u00a0 waren die ganz hervorragenden Grundgangarten und ein \u00fcberdurschnittlich guter Schritt.<\/p><p class=\"bold11 Stil18\" align=\"justify\">Reinder verband sein ausgeglichenes Temperament mit Ehrlichkeit und hatte einen freundlichen Charakter.<\/p><p class=\"bold11 Stil18\" align=\"justify\">Auf der HLP \u00fcberzeugte er durch seine au\u00dferordentliche Rittigkeit mit der Note 9,0 sowie durch seine Lern- u. Leistungsbereitschaft, wof\u00fcr er die Note 10,0 erhielt. Mit einer hohen HLP-Gesamtnote von 8,22 ging er in dieser Pr\u00fcfung als Siegerhengst hervor und hob sich deutlich von seinen Konkurrenten ab.<\/p><p class=\"bold11 Stil18\" align=\"justify\">Auf den Hengstk\u00f6rungen des FPZV \u00fcberzeugte er immer wieder, so wurde er Bundes-Champion 1998, 1999, 2001, 2002 und 2003. Im Jahr 2000 wurde er Vize-Bundes-Champion.<\/p><p class=\"bold11 Stil18\" align=\"justify\">F\u00fcr seine au\u00dfergew\u00f6hnlichen Leistungen in der Zucht wurde er als erster Deckhengst im FPZV zum &#8222;Pr\u00e4mienhengst&#8220; erkl\u00e4rt.<\/p><p class=\"bold11 Stil18\" align=\"justify\">Auch im Sport \u00fcberzeugte er in unter anderem mit \u00fcber 40 Siegen in Dressurpr\u00fcfungen der Klasse L und M.<\/p><p align=\"justify\">Im Bestand des Friesengest\u00fcts Oberurff gibt es noch einige Chargen TG-Samen dieses Vererbers.<\/p>\t\t\t\t\t\t<\/div>\n\t\t\t\t<\/div>\n\t\t\t\t\t<\/div>\n\t\t<\/div>\n\t\t\t\t\t<\/div>\n\t\t<\/section>\n\t\t\t\t<section class=\"elementor-section elementor-top-section elementor-element elementor-element-314d79d elementor-section-boxed elementor-section-height-default elementor-section-height-default\" data-id=\"314d79d\" data-element_type=\"section\">\n\t\t\t\t\t\t<div class=\"elementor-container elementor-column-gap-default\">\n\t\t\t\t\t<div class=\"elementor-column elementor-col-100 elementor-top-column elementor-element elementor-element-2ec3e42\" data-id=\"2ec3e42\" data-element_type=\"column\">\n\t\t\t<div class=\"elementor-widget-wrap elementor-element-populated\">\n\t\t\t\t\t\t<div class=\"elementor-element elementor-element-6aa19fc elementor-widget elementor-widget-text-editor\" data-id=\"6aa19fc\" data-element_type=\"widget\" data-widget_type=\"text-editor.default\">\n\t\t\t\t<div class=\"elementor-widget-container\">\n\t\t\t\t\t\t\t<p><strong>Kontakt:<\/strong> <br \/>Deckstation, Friesengest\u00fct und Reitschule Oberurff\u00a0<br \/>Sylvia Sch\u00e4dlich<\/p><p><span style=\"font-family: var( --e-global-typography-text-font-family ), Sans-serif; font-weight: var( --e-global-typography-text-font-weight );\">Tel.: 05626-922 555<\/span><\/p>\t\t\t\t\t\t<\/div>\n\t\t\t\t<\/div>\n\t\t\t\t\t<\/div>\n\t\t<\/div>\n\t\t\t\t\t<\/div>\n\t\t<\/section>\n\t\t\t\t<\/div>\n\t\t","protected":false},"excerpt":{"rendered":"<p>Geboren: 08. Juni 1989; Verstorben: 2015 K\u00f6rung: 1992 FPZV WN: 8,3 Gr\u00f6\u00dfe: 162 cm HLP: 1992, FPZV, Dillenburg WN: 8,22 Reinder war ein markanter Friesenhengst mit vollem Behang. Er stammt aus der selten gewordenen Age-Linie und ist daher f\u00fcr die Zucht besonders interessant. Auszeichnend f\u00fcr ihn\u00a0 waren die ganz hervorragenden Grundgangarten und ein \u00fcberdurschnittlich guter &#8230; <a title=\"Reinder v&#8217;t Hop P. H.\" class=\"read-more\" href=\"https:\/\/www.fpzv-ev.de\/index.php\/friesenpferdezucht\/zuchtbuch\/fpzv-hengste\/reinder-vt-hop-p-h\/\" aria-label=\"Mehr bei Reinder v&#8217;t Hop P. H.\">Weiterlesen &#8230;<\/a><\/p>\n","protected":false},"author":123462,"featured_media":0,"parent":413,"menu_order":0,"comment_status":"closed","ping_status":"closed","template":"","meta":{"generate_page_header":""},"_links":{"self":[{"href":"https:\/\/www.fpzv-ev.de\/index.php\/wp-json\/wp\/v2\/pages\/6560"}],"collection":[{"href":"https:\/\/www.fpzv-ev.de\/index.php\/wp-json\/wp\/v2\/pages"}],"about":[{"href":"https:\/\/www.fpzv-ev.de\/index.php\/wp-json\/wp\/v2\/types\/page"}],"author":[{"embeddable":true,"href":"https:\/\/www.fpzv-ev.de\/index.php\/wp-json\/wp\/v2\/users\/123462"}],"replies":[{"embeddable":true,"href":"https:\/\/www.fpzv-ev.de\/index.php\/wp-json\/wp\/v2\/comments?post=6560"}],"version-history":[{"count":4,"href":"https:\/\/www.fpzv-ev.de\/index.php\/wp-json\/wp\/v2\/pages\/6560\/revisions"}],"predecessor-version":[{"id":6569,"href":"https:\/\/www.fpzv-ev.de\/index.php\/wp-json\/wp\/v2\/pages\/6560\/revisions\/6569"}],"up":[{"embeddable":true,"href":"https:\/\/www.fpzv-ev.de\/index.php\/wp-json\/wp\/v2\/pages\/413"}],"wp:attachment":[{"href":"https:\/\/www.fpzv-ev.de\/index.php\/wp-json\/wp\/v2\/media?parent=6560"}],"curies":[{"name":"wp","href":"https:\/\/api.w.org\/{rel}","templated":true}]}}